{"id":15892,"date":"2024-03-07T06:00:10","date_gmt":"2024-03-07T06:00:10","guid":{"rendered":"https:\/\/roadtunes.lv\/?product=pioneer-avh-z5200dab-2"},"modified":"2024-03-07T06:00:10","modified_gmt":"2024-03-07T06:00:10","slug":"pioneer-avh-z5200dab-2","status":"publish","type":"product","link":"https:\/\/roadtunes.lv\/?product=pioneer-avh-z5200dab-2","title":{"rendered":"Pioneer AVH-Z5200DAB"},"content":{"rendered":"<p>2-Din-multimediasoitin 6,8 tuuman kirkkaalla, resistiivisell\u00e4 kosketusn\u00e4yt\u00f6ll\u00e4. Helppo \u00e4lypuhelinliitett\u00e4vyys USB-kaapelilla, tuki Apple CarPlaylle, Android Autolle, DAB\/DAB+-digitaaliradiolle, Waze-sovellukselle (Apple CarPlay \/ Android Auto) ja Bluetoothille. 13-kaistainen graafinen taajuuskorjain.<\/p>\n<p>&#8211; FLAC\t -tuki<br \/>&#8211; 13-alueen Graafinen EQ\t<br \/>&#8211; MOSFET 50 W x 4 Amplifier\t<br \/>&#8211; Network Mode\t3-tieverkkotila<br \/>&#8211; Kuuntelupaikan valitsin\t<br \/>&#8211; Auto EQ (Equaliser)\t<br \/>&#8211; Oto TA (Zaman Ayar\u0131)\t<br \/>&#8211; Manual TA (Time Alignment)\t<br \/>&#8211; Ylip\u00e4\u00e4st\u00f6suodin\t<br \/>&#8211; Alip\u00e4\u00e4st\u00f6suodin\t<br \/>&#8211; Subwoofer Control\t<br \/>&#8211; RCA Pre-Outs\t3. (Etu, taka ja subwoofer)<\/p>\n<p>Apple CarPlay -yhteys: langallinen<br \/>Android auto -yhteys: langallinen<\/p>\n<p>Tuplakameratulon avulla voit lis\u00e4t\u00e4 peruutuskameran ja etukameran, jotka auttavat n\u00e4kyvyydess\u00e4 eteen- ja taaksep\u00e4in.<\/p>\n<p>Uusi WebLink-sovellus laajentaa autoviihdett\u00e4 mahtavalla sovellusten maailmalla. Nauti omasta musiikista, videoista ja muusta yhdistetyst\u00e4 sis\u00e4ll\u00f6st\u00e4 puhelimesi \/ tabletti ja pilvipalvelujen avulla.<\/p>\n<p>Waze on sosiaalinen GPS-ajo\/-navigointisovellus, joka tarjoaa karttatietoja, tietoja reaaliaikaisesta liikenteest\u00e4 ja monia muita tietoja, joita voit k\u00e4ytt\u00e4\u00e4 Pioneer-yhteensopivien multimedialaitteiden suurilla n\u00e4yt\u00f6ill\u00e4.<\/p>\n<p>6.8\u2033 Clear Type Resistive Touchscreen.<br \/>Pioneerin resistiiviset Clear Type -n\u00e4ytt\u00f6paneelit n\u00e4ytt\u00e4v\u00e4t kuvan ter\u00e4v\u00e4n\u00e4 ja yksityiskohtaisena ja paremmalla n\u00e4kyvyydell\u00e4.<\/p>\n<p>Multi colour illumination<br \/>Sovita n\u00e4ytt\u00f6 ja n\u00e4pp\u00e4inten valot ajoneuvon sis\u00e4valaistukseen yli 210 000 v\u00e4rin valikoimalla ja loputtomalla m\u00e4\u00e4r\u00e4ll\u00e4 v\u00e4riyhdistelmi\u00e4.<\/p>\n<p>Bluetooth\u00ae<br \/>Noudata paikallisia ajolakeja sis\u00e4\u00e4nrakennetulla Bluetoothilla (HFP). Laajakaistapuhe, handsfree-puhelut, langaton audiosuoratoisto (A2DP) artisti-, albumi- ja kappalehaulla, yksinkertainen parinmuodostus ja audiohallinta (AVRCP) ovat toimintoja, joiden avulla langaton Bluetooth\u00ae-tekniikka on tehnyt ajoneuvon k\u00e4yt\u00f6st\u00e4 turvallisempaa ja k\u00e4tev\u00e4mp\u00e4\u00e4.<\/p>\n<p>Toistaa:<\/p>\n<p>CD\/DVD:<br \/>\u2022 MP3-, WMA- ja AAC-\u00e4\u00e4nitiedostot<br \/>\u2022 DVD-Video-, DivX- ja MPEG-1, 2, 4 -videotiedostot<\/p>\n<p>USB:<br \/>\u2022 MP3-, WMA-, AAC-, WAV- ja FLAC-\u00e4\u00e4nitiedostot<br \/>\u2022 H.264-, MKV-, FLV- ja MPEG4-videotiedostot Full HD -tarkkuudella<br \/>\u2022 Mpeg2-, DivX-videotiedostot<br \/>\u2022 JPEG-kuvatiedostot.<\/p>\n<p>LIS\u00c4VARUSTEET\tMukana:<br \/>\u2022 1 x USB-jatkokaapeli<br \/>\u2022 1 x Ulkoinen Bluetooth-mikrofoni<\/p>\n<p>Valinnainen:<br \/>\u2022 CA-AN-DAB.001 (DAB-antenni)<br \/>\u2022 CA-IU.52C (USB\u2013Lightning-kaapeli)<br \/>\u2022 CD-MC20 (Auto EQ -mikrofoni)<br \/>\u2022 ND-BC8 (K\u00e4\u00e4nteinen kamera)<\/p>\n","protected":false},"excerpt":{"rendered":"<p>DISPLAY:<br \/>Screen Size\t6.8\u2033<br \/>Resolution\tWVGA (800 x 480)<br \/>24-bit True Color Panel\tYes<br \/>Touchscreen\tClear Type Resistive<br \/>Smart User Interface\t<br \/>LED Backlight\tYes<br \/>Colour Customisation\t5-Display \/ 112-Key Colors<\/p>\n<p>BLUETOOTH:<br \/>Built-in Bluetooth\tYes<br \/>Dual Phone Connection\t<br \/>Hands-Free Profile (HFP)\tYes<br \/>Audio\/Video Remote Control Profile (AVRCP)\tYes<br \/>Advanced Audio Distribution Profile (A2DP)\tYes<br \/>Secure Simple Profile (SSP)\tYes<br \/>Serial Port Profile (SPP)\tYes<br \/>Smartphone Pairing Memory\t5 Devices<\/p>\n<p>TUNER:<br \/>AM\/FM Tuner\tYes<br \/>DAB+ Tuner\tYes<br \/>Presets\t18 FM, 6 AM, 18 DAB+<br \/>Best Station Memory (BSM)\tYes<br \/>Local Seek Tuning\tYes<br \/>RDS\tYes<br \/>Supertuner\u00ae IIID\tYes<\/p>\n<p>SMARTPHONE INTEGRATION:<br \/>Apple CarPlay\u2122\tYes (Cable)<br \/>Android Auto\u2122\tYes (Cable)<br \/>Alexa Built In\t<br \/>CarAVAssist App Compatible\t<br \/>Spotify\u00ae Control\tYes (iPhone via BT\/USB, Android via BT)<br \/>WebLink\u00ae\tYes<br \/>Live Information\t<br \/>Siri\u00ae Eyes Free\tYes<br \/>Web Browser\t<\/p>\n<p>DIGITAL MEDIA PLAYBACK:<br \/>CD\/CD-R\/CD-RW Playback\tYes<br \/>DVD\/DVD-R\/RW\/DVD-Video Playback\tYes<br \/>MP3 Audio Playback\tDVD\/CD\/USB<br \/>WMA Audio Playback\tDVD\/CD\/USB<br \/>AAC Audio Playback\tDVD\/CD\/USB<br \/>WAV Audio Playback\tUSB<br \/>FLAC Audio Playback\tUSB<br \/>MPEG-4 Video Playback\tDVD\/CD\/USB<br \/>DivX Video Playback\tDVD\/CD\/USB<br \/>WMV Video Playback\tUSB<br \/>JPEG Photo Slideshow Viewer\tUSB<br \/>Full HD Video Playback\tUSB<\/p>\n<p>AUDIO:<br \/>Hi-Res Audio Certified\t<br \/>RCA Pre-outs\t3 pair, 4V (front\/rear\/subwoofer)<br \/>Built-in Amplifier\tMOSFET 4 x 50W<br \/>Auto EQ &amp; Time Alignment (CD-MC20 required)\tYes<br \/>Specialized Audio Parts\tYes<br \/>D\/A Converter\t96 kHz\/24-bit<br \/>Crossover Network\tHPF\/LPF<br \/>3-Way Audio Network Mode\tYes<br \/>Subwoofer Control\tYes<br \/>Advanced Sound Retriever\tYes<br \/>Manual Time Alignment\tYes<br \/>Equalizer\t13-Band GEQ<\/p>\n<p>EXPANDABILITY:<br \/>Wi-Fi Connectivity\t<br \/>USB\tSingle (Rear)<br \/>AUX\tRear (Audio\/video)<br \/>Reverse Camera Input\tYes (2 Camera Input)<br \/>Parking Assist Guidelines\tYes<br \/>Wired Remote Input\tYes<br \/>HDMI\t<br \/>Composite Video Output\tYes<\/p>\n","protected":false},"featured_media":12272,"comment_status":"closed","ping_status":"open","template":"","meta":[],"etheme_brands":[{"term_id":288,"name":"PIONEER","slug":"pioneer","term_group":0,"term_taxonomy_id":288,"taxonomy":"brand","description":"","parent":0,"count":46,"filter":"raw"}],"product_cat":[289],"product_tag":[225],"_links":{"self":[{"href":"https:\/\/roadtunes.lv\/index.php?rest_route=\/wp\/v2\/product\/15892"}],"collection":[{"href":"https:\/\/roadtunes.lv\/index.php?rest_route=\/wp\/v2\/product"}],"about":[{"href":"https:\/\/roadtunes.lv\/index.php?rest_route=\/wp\/v2\/types\/product"}],"replies":[{"embeddable":true,"href":"https:\/\/roadtunes.lv\/index.php?rest_route=%2Fwp%2Fv2%2Fcomments&post=15892"}],"version-history":[{"count":1,"href":"https:\/\/roadtunes.lv\/index.php?rest_route=\/wp\/v2\/product\/15892\/revisions"}],"predecessor-version":[{"id":15893,"href":"https:\/\/roadtunes.lv\/index.php?rest_route=\/wp\/v2\/product\/15892\/revisions\/15893"}],"wp:featuredmedia":[{"embeddable":true,"href":"https:\/\/roadtunes.lv\/index.php?rest_route=\/wp\/v2\/media\/12272"}],"wp:attachment":[{"href":"https:\/\/roadtunes.lv\/index.php?rest_route=%2Fwp%2Fv2%2Fmedia&parent=15892"}],"wp:term":[{"taxonomy":"brand","embeddable":true,"href":"https:\/\/roadtunes.lv\/index.php?rest_route=%2Fwp%2Fv2%2Fetheme_brands&post=15892"},{"taxonomy":"product_cat","embeddable":true,"href":"https:\/\/roadtunes.lv\/index.php?rest_route=%2Fwp%2Fv2%2Fproduct_cat&post=15892"},{"taxonomy":"product_tag","embeddable":true,"href":"https:\/\/roadtunes.lv\/index.php?rest_route=%2Fwp%2Fv2%2Fproduct_tag&post=15892"}],"curies":[{"name":"wp","href":"https:\/\/api.w.org\/{rel}","templated":true}]}}