{"id":15896,"date":"2024-03-07T06:00:10","date_gmt":"2024-03-07T06:00:10","guid":{"rendered":"https:\/\/roadtunes.lv\/?product=pioneer-avh-z9200dab-2"},"modified":"2024-03-07T06:00:11","modified_gmt":"2024-03-07T06:00:11","slug":"pioneer-avh-z9200dab-2","status":"publish","type":"product","link":"https:\/\/roadtunes.lv\/?product=pioneer-avh-z9200dab-2","title":{"rendered":"Pioneer AVH-Z9200DAB"},"content":{"rendered":"<p>Pioneerin lippulaiva AVH-Z9200DAB vie \u00e4lypuhelinliitett\u00e4vyyden ja viihteen t\u00e4ysin uudelle tasolle sis\u00e4\u00e4nrakennetun Wi-Fi-toiminnon avulla. Unohda sotkuiset kaapelit kojelaudalla ja nauti Apple CarPlayst\u00e4 langattomalla yhteydell\u00e4 Pioneerin tapaan. Sen lis\u00e4ksi Android-k\u00e4ytt\u00e4j\u00e4t voivat nauttia Android Auto -toiminnosta. Waze (Apple CarPlay, Android Auto tai langaton peilaus) ja WebLink ovat my\u00f6s k\u00e4ytett\u00e4viss\u00e4 moderneilla \u00e4lypuhelimilla, samoin kuin DAB+ Digital Radio ja langaton Bluetooth.<\/p>\n<p>T\u00e4m\u00e4 AVH-yksikk\u00f6 tuo suuren moottoroidun 7 tuuman 24-bittisen kirkkaan resistiivisen True Colour -tyypin WVGA-monikosketusn\u00e4yt\u00f6n kojelautaasi ja tarjoaa uuden, parannetun helppok\u00e4ytt\u00f6isen graafisen k\u00e4ytt\u00f6liittym\u00e4n, joka on suunniteltu turvalliseen ja sulavaan k\u00e4ytt\u00f6\u00f6n ajon aikana. Mukauta asetukset makusi mukaan, p\u00e4ivin \u00f6in.<\/p>\n<p>Pioneerin AVH-Z9200DAB sis\u00e4lt\u00e4\u00e4 my\u00f6s HDMI-tulon, jolla voi peilata \u00e4lypuhelimen, AppRadio Mode +:n sek\u00e4 SD Card -tulon ja Dual USB -tulot. Lopuksi, AVH-Z9200DAB:ss\u00e4 on parasta mahdollista \u00e4\u00e4ni- ja kuvasuorituskyky\u00e4 varten laadukkaat audio-osat.<\/p>\n<p>Apple CarPlay -yhteys: Langaton \/ langallinen<br \/>Android auto -yhteys: Langaton \/ langallinen<\/p>\n<p>Tuplakameratulon avulla voit lis\u00e4t\u00e4 peruutuskameran ja etukameran, jotka auttavat n\u00e4kyvyydess\u00e4 eteen- ja taaksep\u00e4in.<\/p>\n<p>Wi-Fi\u00ae<br \/>Sis\u00e4\u00e4nrakennetun Wi-Fi\u00ae-toiminnon avulla voit nauttia langattomasta yhteydest\u00e4, joka on erityisesti suunniteltu tukemaan johdotonta datayhteytt\u00e4 \u00e4lypuhelimen ja vastaanottimen v\u00e4lill\u00e4.<\/p>\n<p>Wireless Mirroring<br \/>Suunniteltu peilaamaan Android-puhelin p\u00e4\u00e4yksik\u00f6n n\u00e4yt\u00f6lle Wi-Fi-yhteydell\u00e4. Langattoman peilauksen toiminnot ja toimenpiteet vaihtelevat liitetyn mobiililaitteen umkaan. Katso mobiililaitteen mukana toimitettuja k\u00e4ytt\u00f6ohjeita. Wi-Fi-sertifioitu Miracast\u2122 vaatii yhteensopivan laitteen. Lis\u00e4tietoja saatavilla osoitteesta www.wi-fi.org\/discover-wi-fi\/miracast.<\/p>\n<p>Uusi WebLink-sovellus laajentaa autoviihdett\u00e4 mahtavalla sovellusten maailmalla. Nauti omasta musiikista, videoista ja muusta yhdistetyst\u00e4 sis\u00e4ll\u00f6st\u00e4 puhelimesi \/ tabletti ja pilvipalvelujen avulla.<\/p>\n<p>Waze on sosiaalinen GPS-ajo\/-navigointisovellus, joka tarjoaa karttatietoja, tietoja reaaliaikaisesta liikenteest\u00e4 ja monia muita tietoja, joita voit k\u00e4ytt\u00e4\u00e4 Pioneer-yhteensopivien multimedialaitteiden suurilla n\u00e4yt\u00f6ill\u00e4.<\/p>\n<p>7\u2033 Clear Type Resistive Motorised Touchscreen<br \/>Pioneerin resistiiviset Clear Type -n\u00e4ytt\u00f6paneelit n\u00e4ytt\u00e4v\u00e4t kuvan ter\u00e4v\u00e4n\u00e4 ja yksityiskohtaisena ja paremmalla n\u00e4kyvyydell\u00e4.<\/p>\n<p>Multi colour illumination<br \/>Sovita n\u00e4ytt\u00f6 ja n\u00e4pp\u00e4inten valot ajoneuvon sis\u00e4valaistukseen yli 210 000 v\u00e4rin valikoimalla ja loputtomalla m\u00e4\u00e4r\u00e4ll\u00e4 v\u00e4riyhdistelmi\u00e4.<\/p>\n<p>FLAC<br \/>Nauti h\u00e4vi\u00f6tt\u00f6mist\u00e4 digitaalisista FLAC-\u00e4\u00e4nitiedostoista ja CD-laatuisesta \u00e4\u00e4nitoistosta ajoneuvossasi ilman tarvetta muunnoksille.<\/p>\n<p>Toistaa\t<\/p>\n<p>CD\/DVD:<br \/>\u2022 MP3-, WMA- ja AAC-\u00e4\u00e4nitiedostot<br \/>\u2022 DVD-Video-, DivX- ja MPEG-1, 2, 4 -videotiedostot<\/p>\n<p>USB\/SD:<br \/>\u2022 MP3-, WMA-, AAC-, WAV- ja FLAC-\u00e4\u00e4nitiedostot<br \/>\u2022 H.264-, MKV-, FLV- ja MPEG4-videotiedostot Full HD -tarkkuudella<br \/>\u2022 Mpeg2-, DivX-videotiedostot<br \/>\u2022 JPEG-kuvatiedostot<\/p>\n<p>LIS\u00c4VARUSTEET\t<br \/>2 USB-jatkokaapelia<br \/>1 ulkoinen Bluetooth-mikrofoni<br \/>1 GPS-antenni<\/p>\n","protected":false},"excerpt":{"rendered":"<p>DISPLAY:<br \/>Screen Size\t7\u2033<br \/>Resolution\tWVGA (840 x 480)<br \/>24-bit True Color Panel\tYes<br \/>Touchscreen\tClear Type Resistive<br \/>Smart User Interface\t<br \/>LED Backlight\tYes<br \/>Colour Customisation\t5-Display \/ 112-Key Colors<\/p>\n<p>BLUETOOTH:<br \/>Built-in Bluetooth\tYes<br \/>Dual Phone Connection\t<br \/>Hands-Free Profile (HFP)\tYes<br \/>Audio\/Video Remote Control Profile (AVRCP)\tYes<br \/>Advanced Audio Distribution Profile (A2DP)\tYes<br \/>Secure Simple Profile (SSP)\tYes<br \/>Serial Port Profile (SPP)\tYes<br \/>Smartphone Pairing Memory\t20 Devices<\/p>\n<p>TUNER:<br \/>AM\/FM Tuner\tYes<br \/>DAB+ Tuner\tYes<br \/>Presets\t18 FM, 6 AM, 18 DAB+<br \/>Best Station Memory (BSM)\tYes<br \/>Local Seek Tuning\tYes<br \/>RDS\tYes<br \/>Supertuner\u00ae IIID\tYes<\/p>\n<p>SMARTPHONE INTEGRATION:<br \/>Apple CarPlay\u2122\tYes (Wireless or Cable)<br \/>Android Auto\u2122\tYes (Cable)<br \/>Alexa Built In\t<br \/>CarAVAssist App Compatible\t<br \/>Spotify\u00ae Control\tYes (iPhone via BT\/USB, Android via BT)<br \/>WebLink\u00ae\tYes<br \/>Live Information\t<br \/>Siri\u00ae Eyes Free\tYes<br \/>Web Browser\t<\/p>\n<p>DIGITAL MEDIA PLAYBACK:<br \/>CD\/CD-R\/CD-RW Playback\tYes<br \/>DVD\/DVD-R\/RW\/DVD-Video Playback\tYes<br \/>MP3 Audio Playback\tDVD\/CD\/USB<br \/>WMA Audio Playback\tDVD\/CD\/USB<br \/>AAC Audio Playback\tDVD\/CD\/USB<br \/>WAV Audio Playback\tDVD\/CD\/USB<br \/>FLAC Audio Playback\tUSB<br \/>MPEG-4 Video Playback\tDVD\/CD\/USB<br \/>DivX Video Playback\tDVD\/CD\/USB<br \/>WMV Video Playback\tUSB<br \/>JPEG Photo Slideshow Viewer\tUSB<br \/>Full HD Video Playback\tUSB<\/p>\n<p>AUDIO:<br \/>Hi-Res Audio Certified\t<br \/>RCA Pre-outs\t3 pair, 4V (front\/rear\/subwoofer)<br \/>Built-in Amplifier\tMOSFET 4 x 50W<br \/>Auto EQ &amp; Time Alignment (CD-MC20 required)\tYes<br \/>Specialized Audio Parts\tYes<br \/>D\/A Converter\t96 kHz\/24-bit<br \/>Crossover Network\tHPF\/LPF<br \/>3-Way Audio Network Mode\tYes<br \/>Subwoofer Control\tYes<br \/>Advanced Sound Retriever\tYes<br \/>Manual Time Alignment\tYes<br \/>Equalizer\t13-Band GEQ<\/p>\n<p>EXPANDABILITY:<br \/>Wi-Fi Connectivity\t<br \/>USB\t2 (Rear)<br \/>AUX\tRear (Audio\/video)<br \/>Reverse Camera Input\tYes (2 Camera Input)<br \/>Parking Assist Guidelines\tYes<br \/>Wired Remote Input\tYes<br \/>HDMI\t<br \/>Composite Video Output\tYes<\/p>\n","protected":false},"featured_media":12278,"comment_status":"closed","ping_status":"open","template":"","meta":[],"etheme_brands":[{"term_id":288,"name":"PIONEER","slug":"pioneer","term_group":0,"term_taxonomy_id":288,"taxonomy":"brand","description":"","parent":0,"count":46,"filter":"raw"}],"product_cat":[289],"product_tag":[225],"_links":{"self":[{"href":"https:\/\/roadtunes.lv\/index.php?rest_route=\/wp\/v2\/product\/15896"}],"collection":[{"href":"https:\/\/roadtunes.lv\/index.php?rest_route=\/wp\/v2\/product"}],"about":[{"href":"https:\/\/roadtunes.lv\/index.php?rest_route=\/wp\/v2\/types\/product"}],"replies":[{"embeddable":true,"href":"https:\/\/roadtunes.lv\/index.php?rest_route=%2Fwp%2Fv2%2Fcomments&post=15896"}],"version-history":[{"count":1,"href":"https:\/\/roadtunes.lv\/index.php?rest_route=\/wp\/v2\/product\/15896\/revisions"}],"predecessor-version":[{"id":15897,"href":"https:\/\/roadtunes.lv\/index.php?rest_route=\/wp\/v2\/product\/15896\/revisions\/15897"}],"wp:featuredmedia":[{"embeddable":true,"href":"https:\/\/roadtunes.lv\/index.php?rest_route=\/wp\/v2\/media\/12278"}],"wp:attachment":[{"href":"https:\/\/roadtunes.lv\/index.php?rest_route=%2Fwp%2Fv2%2Fmedia&parent=15896"}],"wp:term":[{"taxonomy":"brand","embeddable":true,"href":"https:\/\/roadtunes.lv\/index.php?rest_route=%2Fwp%2Fv2%2Fetheme_brands&post=15896"},{"taxonomy":"product_cat","embeddable":true,"href":"https:\/\/roadtunes.lv\/index.php?rest_route=%2Fwp%2Fv2%2Fproduct_cat&post=15896"},{"taxonomy":"product_tag","embeddable":true,"href":"https:\/\/roadtunes.lv\/index.php?rest_route=%2Fwp%2Fv2%2Fproduct_tag&post=15896"}],"curies":[{"name":"wp","href":"https:\/\/api.w.org\/{rel}","templated":true}]}}