{"id":15900,"date":"2024-03-07T06:00:10","date_gmt":"2024-03-07T06:00:10","guid":{"rendered":"https:\/\/roadtunes.lv\/?product=pioneer-avic-z930dab-2"},"modified":"2024-03-07T06:00:11","modified_gmt":"2024-03-07T06:00:11","slug":"pioneer-avic-z930dab-2","status":"publish","type":"product","link":"https:\/\/roadtunes.lv\/?product=pioneer-avic-z930dab-2","title":{"rendered":"Pioneer AVIC-Z930DAB"},"content":{"rendered":"<p>Pioneerin lippulaivaluokan AVIC-Z930DAB ei sis\u00e4ll\u00e4 pelk\u00e4st\u00e4\u00e4n tarkkoja eurooppalaisia HERE-navigointikarttoja, vaan se vie nyt \u00e4lypuhelinliitett\u00e4vyyden uudelle tasolle sis\u00e4\u00e4nrakennetun Wi-Fi-yhteyden avulla. Unohda sotkuiset kaapelit kojelaudalla ja nauti Apple CarPlayst\u00e4 langattomalla yhteydell\u00e4 Pioneerin tapaan. Sen lis\u00e4ksi Android-k\u00e4ytt\u00e4j\u00e4t voivat nauttia Android Auto -toiminnosta. Waze (Apple CarPlay, Android Auto tai langaton peilaus) ja WebLink ovat my\u00f6s k\u00e4ytett\u00e4viss\u00e4 moderneilla \u00e4lypuhelimilla, samoin kuin DAB+ Digital Radio ja bluetooth.<\/p>\n<p>T\u00e4m\u00e4 AVIC-yksikk\u00f6 tuo suuren moottoroidun 7 tuuman 24-bittisen True Colour Capacitive -tyypin WVGA-monikosketusn\u00e4yt\u00f6n kojelautaasi ja tarjoaa uuden, parannetun helppok\u00e4ytt\u00f6isen graafisen k\u00e4ytt\u00f6liittym\u00e4n, joka on suunniteltu turvalliseen ja sulavaan k\u00e4ytt\u00f6\u00f6n ajon aikana. Mukauta asetukset makusi mukaan, p\u00e4ivin \u00f6in.<\/p>\n<p>Pioneerin AVIC-Z930DAB sis\u00e4lt\u00e4\u00e4 my\u00f6s HDMI-tulon, jolla voi peilata \u00e4lypuhelimen, AppRadio Mode +:n sek\u00e4 SD Card -tulon ja Dual USB -tulot. Lopuksi, AVIC-Z930DAB:ss\u00e4 on parasta mahdollista \u00e4\u00e4ni- ja kuvasuorituskyky\u00e4 varten kultapinnoitetut RCA-liittimet, jotka tarjoavat parhaan mahdollisen \u00e4\u00e4nenlaadun.<\/p>\n<p>Apple CarPlay -yhteys: Langaton \/ langallinen<br \/>Android auto -yhteys: Langaton \/ langallinen<\/p>\n<p>Tuplakameratulon avulla voit lis\u00e4t\u00e4 peruutuskameran ja etukameran, jotka auttavat n\u00e4kyvyydess\u00e4 eteen- ja taaksep\u00e4in.<\/p>\n","protected":false},"excerpt":{"rendered":"<p>&#8211; 2-DIN Navigointi-viihdej\u00e4rjestelm\u00e4:  45 maan kartasto ..POI-muokkaus<br \/>-Bluetooth <br \/>&#8211; 7,0\u2033 resistiivinen kosketusn\u00e4ytt\u00f6<br \/>&#8211; Apple CarPlay -yhteys: Langaton \/ langallinen<br \/>&#8211; Android auto -yhteys: Langaton \/ langallinen<br \/>&#8211; WebLink  CarPlay <br \/>&#8211; iPod suora ohjaus<br \/>&#8211; DAB- ja analoginen viritin<br \/>&#8211; HERE-kartta<\/p>\n<p>&#8211; 2 x USB<br \/>&#8211; SD-korttipaikka<br \/>&#8211; AUX- ja AV- liit\u00e4nn\u00e4t<br \/>&#8211; MOSFET 4 x 50 w<br \/>&#8211; 3x Hi-Volt RCA- l\u00e4hd\u00f6t<br \/>&#8211; Irroitettava n\u00e4pp\u00e4inosa,<br \/>&#8211; Auto EQ (vaatii erillisen mikrofonin)<br \/>&#8211; TMC<br \/>&#8211; Dual Zone<br \/>&#8211; Dual camera input.<\/p>\n","protected":false},"featured_media":12289,"comment_status":"closed","ping_status":"open","template":"","meta":[],"etheme_brands":[{"term_id":288,"name":"PIONEER","slug":"pioneer","term_group":0,"term_taxonomy_id":288,"taxonomy":"brand","description":"","parent":0,"count":46,"filter":"raw"}],"product_cat":[289],"product_tag":[225],"_links":{"self":[{"href":"https:\/\/roadtunes.lv\/index.php?rest_route=\/wp\/v2\/product\/15900"}],"collection":[{"href":"https:\/\/roadtunes.lv\/index.php?rest_route=\/wp\/v2\/product"}],"about":[{"href":"https:\/\/roadtunes.lv\/index.php?rest_route=\/wp\/v2\/types\/product"}],"replies":[{"embeddable":true,"href":"https:\/\/roadtunes.lv\/index.php?rest_route=%2Fwp%2Fv2%2Fcomments&post=15900"}],"version-history":[{"count":1,"href":"https:\/\/roadtunes.lv\/index.php?rest_route=\/wp\/v2\/product\/15900\/revisions"}],"predecessor-version":[{"id":15901,"href":"https:\/\/roadtunes.lv\/index.php?rest_route=\/wp\/v2\/product\/15900\/revisions\/15901"}],"wp:featuredmedia":[{"embeddable":true,"href":"https:\/\/roadtunes.lv\/index.php?rest_route=\/wp\/v2\/media\/12289"}],"wp:attachment":[{"href":"https:\/\/roadtunes.lv\/index.php?rest_route=%2Fwp%2Fv2%2Fmedia&parent=15900"}],"wp:term":[{"taxonomy":"brand","embeddable":true,"href":"https:\/\/roadtunes.lv\/index.php?rest_route=%2Fwp%2Fv2%2Fetheme_brands&post=15900"},{"taxonomy":"product_cat","embeddable":true,"href":"https:\/\/roadtunes.lv\/index.php?rest_route=%2Fwp%2Fv2%2Fproduct_cat&post=15900"},{"taxonomy":"product_tag","embeddable":true,"href":"https:\/\/roadtunes.lv\/index.php?rest_route=%2Fwp%2Fv2%2Fproduct_tag&post=15900"}],"curies":[{"name":"wp","href":"https:\/\/api.w.org\/{rel}","templated":true}]}}