{"id":16533,"date":"2024-03-07T06:05:06","date_gmt":"2024-03-07T06:05:06","guid":{"rendered":"https:\/\/roadtunes.lv\/?product=pioneer-gm-a4704"},"modified":"2024-03-07T06:05:06","modified_gmt":"2024-03-07T06:05:06","slug":"pioneer-gm-a4704","status":"publish","type":"product","link":"https:\/\/roadtunes.lv\/?product=pioneer-gm-a4704","title":{"rendered":"Pioneer  GM-A4704"},"content":{"rendered":"<p>GM-A4704 her\u00e4tt\u00e4\u00e4 j\u00e4rjestelm\u00e4si uuteen uskoon! Vahvistin tarjoaa runsaasti tehoa, tyylikk\u00e4\u00e4n ulkon\u00e4k\u00f6n, sek\u00e4 laajat asennusmahdollisuudet.<\/p>\n<p>Siin\u00e4 on my\u00f6s sis\u00e4\u00e4nrakennetut ali- ja ylip\u00e4\u00e4st\u00f6suotimet, jotka mahdollistavat kaikenlaisten kaiuttimien k\u00e4yt\u00f6n.<\/p>\n<p>Kuten kaikki Pioneer-tuotteet, t\u00e4m\u00e4 vahvistin on testattu perusteellisesti jotta voit nauttia parhaasta \u00e4\u00e4nenlaadusta autossasi. <\/p>\n<p>Kaiutintasoiset sis\u00e4\u00e4ntulot- Yhdist\u00e4 OEM- j\u00e4rjestelm\u00e4si ilman lis\u00e4johtosarjoja.<\/p>\n","protected":false},"excerpt":{"rendered":"<p>Piikkiteho: 520W (sillattu) tai 2 x 80W (4 \u03a9) tai 4 x 130 W (2 \u03a9)2 x 130W (4 \u03a9)<br \/>Jatkuva teho:  4 x 40W (4 \u03a9) tai 2 x 130W (4\u03a9 sillattu) tai 4 x 65 W (2 \u03a9)<br \/>Maksimiteho: 520W<br \/>Herkkyys:  94 dB<br \/>Jakotaajuus: 80 Hz (-12 dB\/oct)<br \/>Sis\u00e4\u00e4ntuloherkkyys:  3 &#8211; 26 V<br \/>Maksimi tehonkulutus:  20.5A<br \/>Impedanssi: 2\u20138 ohmia<br \/>Taajuusvaste: 10Hz ~ 70kHz (+0dB , -3dB)<br \/>S\u00e4r\u00f6: alle  0.05 %.<\/p>\n","protected":false},"featured_media":16535,"comment_status":"closed","ping_status":"open","template":"","meta":[],"etheme_brands":[{"term_id":288,"name":"PIONEER","slug":"pioneer","term_group":0,"term_taxonomy_id":288,"taxonomy":"brand","description":"","parent":0,"count":46,"filter":"raw"}],"product_cat":[299],"product_tag":[57],"_links":{"self":[{"href":"https:\/\/roadtunes.lv\/index.php?rest_route=\/wp\/v2\/product\/16533"}],"collection":[{"href":"https:\/\/roadtunes.lv\/index.php?rest_route=\/wp\/v2\/product"}],"about":[{"href":"https:\/\/roadtunes.lv\/index.php?rest_route=\/wp\/v2\/types\/product"}],"replies":[{"embeddable":true,"href":"https:\/\/roadtunes.lv\/index.php?rest_route=%2Fwp%2Fv2%2Fcomments&post=16533"}],"version-history":[{"count":1,"href":"https:\/\/roadtunes.lv\/index.php?rest_route=\/wp\/v2\/product\/16533\/revisions"}],"predecessor-version":[{"id":16534,"href":"https:\/\/roadtunes.lv\/index.php?rest_route=\/wp\/v2\/product\/16533\/revisions\/16534"}],"wp:featuredmedia":[{"embeddable":true,"href":"https:\/\/roadtunes.lv\/index.php?rest_route=\/wp\/v2\/media\/16535"}],"wp:attachment":[{"href":"https:\/\/roadtunes.lv\/index.php?rest_route=%2Fwp%2Fv2%2Fmedia&parent=16533"}],"wp:term":[{"taxonomy":"brand","embeddable":true,"href":"https:\/\/roadtunes.lv\/index.php?rest_route=%2Fwp%2Fv2%2Fetheme_brands&post=16533"},{"taxonomy":"product_cat","embeddable":true,"href":"https:\/\/roadtunes.lv\/index.php?rest_route=%2Fwp%2Fv2%2Fproduct_cat&post=16533"},{"taxonomy":"product_tag","embeddable":true,"href":"https:\/\/roadtunes.lv\/index.php?rest_route=%2Fwp%2Fv2%2Fproduct_tag&post=16533"}],"curies":[{"name":"wp","href":"https:\/\/api.w.org\/{rel}","templated":true}]}}