{"id":17444,"date":"2024-03-07T06:42:26","date_gmt":"2024-03-07T06:42:26","guid":{"rendered":"https:\/\/roadtunes.lv\/?product=ground-zero-gzha-mini-one-k"},"modified":"2024-03-07T06:42:39","modified_gmt":"2024-03-07T06:42:39","slug":"ground-zero-gzha-mini-one-k","status":"publish","type":"product","link":"https:\/\/roadtunes.lv\/?product=ground-zero-gzha-mini-one-k","title":{"rendered":"Ground Zero GZHA mini ONE-K"},"content":{"rendered":"<p>Hydrogen MINI- vahvistimet edustavat viimeisint\u00e4 D-luokan teknologiaa jota k\u00e4ytet\u00e4\u00e4n mm. uusien autojen Premium OEM vahvistinratkaisuissa. <br \/>Erona tavalliseen D-luokkalaiseen on huomattavasti parempi \u00e4\u00e4nenlaatu kaikilla osa-alueilla. <br \/>Et huomaa sokkokuuntelussa  , onko kyseess\u00e4 laadukas AB-luokan vahvistin vai Hydrogen MINI vahvistin. <\/p>\n<p>Tilaa s\u00e4\u00e4st\u00e4v\u00e4 ja kokeilemisen arvoinen ratkaisu !<\/p>\n","protected":false},"excerpt":{"rendered":"<p>Model<br \/>Class D compact amplifier<\/p>\n<p>Channels<br \/>1<\/p>\n<p>Output Power (@ 4\u03a9)<br \/>340 Watts RMS<\/p>\n<p>Output Power (@ 2\u03a9)<br \/>600 Watts RMS<\/p>\n<p>Output Power (@ 1\u03a9)<br \/>1000 Watts RMS<\/p>\n<p>max. Output Power (CEA-2006A \/ 10%THD+N)<br \/>1200 Watts<\/p>\n<p>Frequency Response<br \/>10 \u2013 200 Hz<\/p>\n<p>HPF \/ LPF \/ BPF<br \/>\u25cf \/ \u25cf \/ \u25cf<\/p>\n<p>Bass Boost \/ Phasenregelung<br \/>\u25cf \/ \u25cf<\/p>\n<p>High-Level Input \/ Auto-on<br \/>\u25cf \/ \u25cf<\/p>\n<p>Remote Control<br \/>\u25cf<\/p>\n<p>Linkmode<br \/>\u25cf<\/p>\n<p>Dimensions (b x l x h)<br \/>135 x 322 x 52 mm.<\/p>\n","protected":false},"featured_media":17446,"comment_status":"closed","ping_status":"open","template":"","meta":[],"etheme_brands":[{"term_id":291,"name":"Ground zero","slug":"ground-zero","term_group":0,"term_taxonomy_id":291,"taxonomy":"brand","description":"","parent":0,"count":370,"filter":"raw"}],"product_cat":[56],"product_tag":[57],"_links":{"self":[{"href":"https:\/\/roadtunes.lv\/index.php?rest_route=\/wp\/v2\/product\/17444"}],"collection":[{"href":"https:\/\/roadtunes.lv\/index.php?rest_route=\/wp\/v2\/product"}],"about":[{"href":"https:\/\/roadtunes.lv\/index.php?rest_route=\/wp\/v2\/types\/product"}],"replies":[{"embeddable":true,"href":"https:\/\/roadtunes.lv\/index.php?rest_route=%2Fwp%2Fv2%2Fcomments&post=17444"}],"version-history":[{"count":1,"href":"https:\/\/roadtunes.lv\/index.php?rest_route=\/wp\/v2\/product\/17444\/revisions"}],"predecessor-version":[{"id":17445,"href":"https:\/\/roadtunes.lv\/index.php?rest_route=\/wp\/v2\/product\/17444\/revisions\/17445"}],"wp:featuredmedia":[{"embeddable":true,"href":"https:\/\/roadtunes.lv\/index.php?rest_route=\/wp\/v2\/media\/17446"}],"wp:attachment":[{"href":"https:\/\/roadtunes.lv\/index.php?rest_route=%2Fwp%2Fv2%2Fmedia&parent=17444"}],"wp:term":[{"taxonomy":"brand","embeddable":true,"href":"https:\/\/roadtunes.lv\/index.php?rest_route=%2Fwp%2Fv2%2Fetheme_brands&post=17444"},{"taxonomy":"product_cat","embeddable":true,"href":"https:\/\/roadtunes.lv\/index.php?rest_route=%2Fwp%2Fv2%2Fproduct_cat&post=17444"},{"taxonomy":"product_tag","embeddable":true,"href":"https:\/\/roadtunes.lv\/index.php?rest_route=%2Fwp%2Fv2%2Fproduct_tag&post=17444"}],"curies":[{"name":"wp","href":"https:\/\/api.w.org\/{rel}","templated":true}]}}