{"id":17526,"date":"2024-03-07T06:43:34","date_gmt":"2024-03-07T06:43:34","guid":{"rendered":"https:\/\/roadtunes.lv\/?product=ground-zero-gzhw-30xspl-d1"},"modified":"2024-03-07T06:43:39","modified_gmt":"2024-03-07T06:43:39","slug":"ground-zero-gzhw-30xspl-d1","status":"publish","type":"product","link":"https:\/\/roadtunes.lv\/?product=ground-zero-gzhw-30xspl-d1","title":{"rendered":"Ground Zero GZHW 30XSPL-D1"},"content":{"rendered":"<p>Hydrogen SPL elementtien suunnittelussa on k\u00e4ytetty Klippel-optimointia. 10 tuntia kest\u00e4v\u00e4ss\u00e4 testauksessa elementin k\u00e4ytt\u00e4ytymist\u00e4 tutkitaan lukuisin mittaustuloksin ja n\u00e4in l\u00f6ydet\u00e4\u00e4n jo varhaisessa suunnitteluvaiheessa ne heikot kohdat ja ongelmat jotka vaativat parannusta. Elementti\u00e4 r\u00e4\u00e4k\u00e4t\u00e4\u00e4n jopa nelinkertaisella teholla sen tehonkestoon n\u00e4hden. Lopputuloksena on elementti jonka impedanssivaste on hyvin tasainen, eli se ottaa vastaan hyvin tehoa kaikilla taajuuksilla, on herkkyydelt\u00e4\u00e4n hyv\u00e4 ja kest\u00e4\u00e4 tehoa kunnolla.<\/p>\n","protected":false},"excerpt":{"rendered":"<p>Features<br \/>&#8211; High power 12\u201d SPL subwoofer<br \/> &#8211; Klippel\u00ae optimized<br \/> &#8211; Efficient triple magnet <br \/> &#8211; Massive aluminum cast basket<br \/> &#8211; Reinforced paper cone<br \/> &#8211; 3\u201d copper voice coil <br \/> &#8211; High-Roll sandwich surround<br \/> &#8211; Double spider<\/p>\n<p>Technical data<br \/>Model: GZHW 30SPL<br \/>Diameter: 300 mm \/ 12\u2033<br \/>Mounting diameter: 315 mm \/ 12.4\u201c<br \/>Mounting depth: 198 mm \/ 7.8\u201c<br \/>Voice coil: 75 mm \/ 3\u201d copper voice coil<br \/>Cone: Reinforced paper<br \/>Power Handling: 3000 W SPL Power<br \/>Impedance: 2 x 1 Ohm<br \/>SPL: 85 dB<br \/>Xmax: 45 mm \/ 1.77\u2033<br \/>Fs: 35.4 Hz<br \/>Qts: 0.44<br \/>Vas: 15.8 L \/ 0.56 cu.ft.<\/p>\n<p>Box recommendations  : See owners manual.<\/p>\n","protected":false},"featured_media":17528,"comment_status":"closed","ping_status":"open","template":"","meta":[],"etheme_brands":[{"term_id":291,"name":"Ground zero","slug":"ground-zero","term_group":0,"term_taxonomy_id":291,"taxonomy":"brand","description":"","parent":0,"count":370,"filter":"raw"}],"product_cat":[323],"product_tag":[107],"_links":{"self":[{"href":"https:\/\/roadtunes.lv\/index.php?rest_route=\/wp\/v2\/product\/17526"}],"collection":[{"href":"https:\/\/roadtunes.lv\/index.php?rest_route=\/wp\/v2\/product"}],"about":[{"href":"https:\/\/roadtunes.lv\/index.php?rest_route=\/wp\/v2\/types\/product"}],"replies":[{"embeddable":true,"href":"https:\/\/roadtunes.lv\/index.php?rest_route=%2Fwp%2Fv2%2Fcomments&post=17526"}],"version-history":[{"count":1,"href":"https:\/\/roadtunes.lv\/index.php?rest_route=\/wp\/v2\/product\/17526\/revisions"}],"predecessor-version":[{"id":17527,"href":"https:\/\/roadtunes.lv\/index.php?rest_route=\/wp\/v2\/product\/17526\/revisions\/17527"}],"wp:featuredmedia":[{"embeddable":true,"href":"https:\/\/roadtunes.lv\/index.php?rest_route=\/wp\/v2\/media\/17528"}],"wp:attachment":[{"href":"https:\/\/roadtunes.lv\/index.php?rest_route=%2Fwp%2Fv2%2Fmedia&parent=17526"}],"wp:term":[{"taxonomy":"brand","embeddable":true,"href":"https:\/\/roadtunes.lv\/index.php?rest_route=%2Fwp%2Fv2%2Fetheme_brands&post=17526"},{"taxonomy":"product_cat","embeddable":true,"href":"https:\/\/roadtunes.lv\/index.php?rest_route=%2Fwp%2Fv2%2Fproduct_cat&post=17526"},{"taxonomy":"product_tag","embeddable":true,"href":"https:\/\/roadtunes.lv\/index.php?rest_route=%2Fwp%2Fv2%2Fproduct_tag&post=17526"}],"curies":[{"name":"wp","href":"https:\/\/api.w.org\/{rel}","templated":true}]}}