{"id":17558,"date":"2024-03-07T06:43:34","date_gmt":"2024-03-07T06:43:34","guid":{"rendered":"https:\/\/roadtunes.lv\/?product=ground-zero-gzia-1-1150d"},"modified":"2024-03-07T06:44:07","modified_gmt":"2024-03-07T06:44:07","slug":"ground-zero-gzia-1-1150d","status":"publish","type":"product","link":"https:\/\/roadtunes.lv\/?product=ground-zero-gzia-1-1150d","title":{"rendered":"Ground Zero GZIA 1.1150D"},"content":{"rendered":"<p>Iridium vahvistimet antavat vastinetta jokaiselle eurolle. <br \/>Kompakti ja tyylik\u00e4s kotelo k\u00e4tkee sis\u00e4\u00e4ns\u00e4 Ground Zeron suunnitteleman piirikortin josssa on keskitytty suorituskykyyn, kest\u00e4vyyteen ja \u00e4\u00e4nenlaatuun!<\/p>\n<p>Virtal\u00e4hdett\u00e4 on parannettu entisest\u00e4\u00e4n ja t\u00e4m\u00e4n huomaa parhaiten eritoten lis\u00e4\u00e4ntyneen\u00e4 voiman tunteena musiikkia kuunnellessa!<\/p>\n<p>T\u00e4ll\u00e4 vahvistimella soitat useampaakin subwooferia kerralla.<\/p>\n<p>Langallinen tasons\u00e4\u00e4din mukana pakkauksessa.<\/p>\n<p>&#8211; 35mm2 virtarerminaalit<br \/>&#8211; 16mm2 kaiutinterminaalit<br \/>&#8211; @ 1Ohm 1050 W RMS<br \/>&#8211; Kaiutintasoinen sis\u00e4\u00e4ntulo<\/p>\n","protected":false},"excerpt":{"rendered":"<p>&#8211; High-Quality Class D amplifier<br \/>&#8211; Channels:                               1<br \/>&#8211; Output Power (@ 4\u03a9):370 Watts RMS<br \/>&#8211; Output Power (@ 2\u03a9):665 Watts RMS<br \/>&#8211; Output Power (@ 1\u03a9):1050 Watts RMS<br \/>&#8211; Frequency Response:10 \u2013 250 Hz<br \/>&#8211; Low pass filter 30 Hz \u2013 250 Hz (12 dB\/oct)<br \/>&#8211; Total harmonic distortion (THD+N)  0.08%<br \/>&#8211; Damping factor  100<br \/>&#8211; Input sensitivity 200 mV \u2013 6 V<br \/>&#8211; Bass remote control included<\/p>\n<p>Dimensions (W x L x H)<br \/>192 x 302 x 49 mm \/ 7.56 x 11.89 x 1.93\u2033.<\/p>\n","protected":false},"featured_media":17560,"comment_status":"closed","ping_status":"open","template":"","meta":[],"etheme_brands":[{"term_id":291,"name":"Ground zero","slug":"ground-zero","term_group":0,"term_taxonomy_id":291,"taxonomy":"brand","description":"","parent":0,"count":370,"filter":"raw"}],"product_cat":[56],"product_tag":[57],"_links":{"self":[{"href":"https:\/\/roadtunes.lv\/index.php?rest_route=\/wp\/v2\/product\/17558"}],"collection":[{"href":"https:\/\/roadtunes.lv\/index.php?rest_route=\/wp\/v2\/product"}],"about":[{"href":"https:\/\/roadtunes.lv\/index.php?rest_route=\/wp\/v2\/types\/product"}],"replies":[{"embeddable":true,"href":"https:\/\/roadtunes.lv\/index.php?rest_route=%2Fwp%2Fv2%2Fcomments&post=17558"}],"version-history":[{"count":1,"href":"https:\/\/roadtunes.lv\/index.php?rest_route=\/wp\/v2\/product\/17558\/revisions"}],"predecessor-version":[{"id":17559,"href":"https:\/\/roadtunes.lv\/index.php?rest_route=\/wp\/v2\/product\/17558\/revisions\/17559"}],"wp:featuredmedia":[{"embeddable":true,"href":"https:\/\/roadtunes.lv\/index.php?rest_route=\/wp\/v2\/media\/17560"}],"wp:attachment":[{"href":"https:\/\/roadtunes.lv\/index.php?rest_route=%2Fwp%2Fv2%2Fmedia&parent=17558"}],"wp:term":[{"taxonomy":"brand","embeddable":true,"href":"https:\/\/roadtunes.lv\/index.php?rest_route=%2Fwp%2Fv2%2Fetheme_brands&post=17558"},{"taxonomy":"product_cat","embeddable":true,"href":"https:\/\/roadtunes.lv\/index.php?rest_route=%2Fwp%2Fv2%2Fproduct_cat&post=17558"},{"taxonomy":"product_tag","embeddable":true,"href":"https:\/\/roadtunes.lv\/index.php?rest_route=%2Fwp%2Fv2%2Fproduct_tag&post=17558"}],"curies":[{"name":"wp","href":"https:\/\/api.w.org\/{rel}","templated":true}]}}