{"id":18204,"date":"2024-03-07T06:54:24","date_gmt":"2024-03-07T06:54:24","guid":{"rendered":"https:\/\/roadtunes.lv\/?product=ground-zero-gzrf-69sq"},"modified":"2024-03-07T06:54:25","modified_gmt":"2024-03-07T06:54:25","slug":"ground-zero-gzrf-69sq","status":"publish","type":"product","link":"https:\/\/roadtunes.lv\/?product=ground-zero-gzrf-69sq","title":{"rendered":"Ground Zero GZRF 69SQ"},"content":{"rendered":"<p>Uudet RADIOACTIVE SQ -koaksiaalikaiuttimet<br \/>ovat saapuneet. Musta eloksoitu alumiinikartio yhdistettyn\u00e4 uuden silkkikalotti diskantin kanssa tuottaa uskomattoman hyv\u00e4n \u00e4\u00e4nenlaadun. Hyv\u00e4 herkkyys ja 3 ohm impedanssi takaavat loistavan \u00e4\u00e4nenlaadun jo pelk\u00e4n soittimen tehoilla. <\/p>\n<p>Asennussyvyys 82 mm<br \/>Kaiutinritil\u00e4t sis\u00e4ltyv\u00e4t pakkaukseen.<\/p>\n","protected":false},"excerpt":{"rendered":"<p>Features:<br \/>\u25e6 High-dynamic 3-way coaxial loudspeaker<br \/>\u25e6 130 W RMS \/ 200 W max<br \/>\u25e6 Freq. response 40 \u2013 24000 Hz<br \/>\u25e6 Black anodized aluminum cone<br \/>\u25e6 Rubber surround<br \/>\u25e6 Resonance free steel basket<br \/>\u25e6 High-effi cient 3-ohm impedance<br \/>\u25e6 Mylar midrange and tweeter (GZRF 69SQ)<br \/>\u25e6 Tweeter and overload protection<br \/>\u25e6 Hexagon style protection grill.<\/p>\n","protected":false},"featured_media":18206,"comment_status":"closed","ping_status":"open","template":"","meta":[],"etheme_brands":[{"term_id":291,"name":"Ground zero","slug":"ground-zero","term_group":0,"term_taxonomy_id":291,"taxonomy":"brand","description":"","parent":0,"count":370,"filter":"raw"}],"product_cat":[223],"product_tag":[100],"_links":{"self":[{"href":"https:\/\/roadtunes.lv\/index.php?rest_route=\/wp\/v2\/product\/18204"}],"collection":[{"href":"https:\/\/roadtunes.lv\/index.php?rest_route=\/wp\/v2\/product"}],"about":[{"href":"https:\/\/roadtunes.lv\/index.php?rest_route=\/wp\/v2\/types\/product"}],"replies":[{"embeddable":true,"href":"https:\/\/roadtunes.lv\/index.php?rest_route=%2Fwp%2Fv2%2Fcomments&post=18204"}],"version-history":[{"count":1,"href":"https:\/\/roadtunes.lv\/index.php?rest_route=\/wp\/v2\/product\/18204\/revisions"}],"predecessor-version":[{"id":18205,"href":"https:\/\/roadtunes.lv\/index.php?rest_route=\/wp\/v2\/product\/18204\/revisions\/18205"}],"wp:featuredmedia":[{"embeddable":true,"href":"https:\/\/roadtunes.lv\/index.php?rest_route=\/wp\/v2\/media\/18206"}],"wp:attachment":[{"href":"https:\/\/roadtunes.lv\/index.php?rest_route=%2Fwp%2Fv2%2Fmedia&parent=18204"}],"wp:term":[{"taxonomy":"brand","embeddable":true,"href":"https:\/\/roadtunes.lv\/index.php?rest_route=%2Fwp%2Fv2%2Fetheme_brands&post=18204"},{"taxonomy":"product_cat","embeddable":true,"href":"https:\/\/roadtunes.lv\/index.php?rest_route=%2Fwp%2Fv2%2Fproduct_cat&post=18204"},{"taxonomy":"product_tag","embeddable":true,"href":"https:\/\/roadtunes.lv\/index.php?rest_route=%2Fwp%2Fv2%2Fproduct_tag&post=18204"}],"curies":[{"name":"wp","href":"https:\/\/api.w.org\/{rel}","templated":true}]}}