{"id":22336,"date":"2024-03-07T08:31:13","date_gmt":"2024-03-07T08:31:13","guid":{"rendered":"https:\/\/roadtunes.lv\/?product=four-connect-4-ns10b12-nylonsock-blue-12-25mm-10m-3"},"modified":"2024-03-07T08:31:14","modified_gmt":"2024-03-07T08:31:14","slug":"four-connect-4-ns10b12-nylonsock-blue-12-25mm-10m-3","status":"publish","type":"product","link":"https:\/\/roadtunes.lv\/?product=four-connect-4-ns10b12-nylonsock-blue-12-25mm-10m-3","title":{"rendered":"FOUR Connect 4-NS10B12 nylonsock blue 12\/25mm 10m"},"content":{"rendered":"<p>4 Connect nylonsukka sininen 12\/25mm 10mLaadukas ja kest\u00e4v\u00e4 nylonsuojasukka johtojen suojaukseen ja ehostukseen. Halkaisija 12 mm, laajenee 20 mm asti, soveltuu 8 -20 mm kaapelille (16-50 mm\u00b2). Max jatkuva l\u00e4mp\u00f6tila 125 astetta celciusta, sulamisl\u00e4mp\u00f6tila 250 astetta celsiusta.<\/p>\n","protected":false},"excerpt":{"rendered":"<p>&#8211; Protective nylon sleeve<br \/>&#8211; size 12\/25 mm<br \/>&#8211; length 10 m<br \/>&#8211; blue.<\/p>\n","protected":false},"featured_media":11225,"comment_status":"closed","ping_status":"open","template":"","meta":[],"etheme_brands":[{"term_id":51,"name":"4","slug":"4","term_group":0,"term_taxonomy_id":51,"taxonomy":"brand","description":"","parent":0,"count":528,"filter":"raw"}],"product_cat":[227],"product_tag":[228],"_links":{"self":[{"href":"https:\/\/roadtunes.lv\/index.php?rest_route=\/wp\/v2\/product\/22336"}],"collection":[{"href":"https:\/\/roadtunes.lv\/index.php?rest_route=\/wp\/v2\/product"}],"about":[{"href":"https:\/\/roadtunes.lv\/index.php?rest_route=\/wp\/v2\/types\/product"}],"replies":[{"embeddable":true,"href":"https:\/\/roadtunes.lv\/index.php?rest_route=%2Fwp%2Fv2%2Fcomments&post=22336"}],"version-history":[{"count":1,"href":"https:\/\/roadtunes.lv\/index.php?rest_route=\/wp\/v2\/product\/22336\/revisions"}],"predecessor-version":[{"id":22337,"href":"https:\/\/roadtunes.lv\/index.php?rest_route=\/wp\/v2\/product\/22336\/revisions\/22337"}],"wp:featuredmedia":[{"embeddable":true,"href":"https:\/\/roadtunes.lv\/index.php?rest_route=\/wp\/v2\/media\/11225"}],"wp:attachment":[{"href":"https:\/\/roadtunes.lv\/index.php?rest_route=%2Fwp%2Fv2%2Fmedia&parent=22336"}],"wp:term":[{"taxonomy":"brand","embeddable":true,"href":"https:\/\/roadtunes.lv\/index.php?rest_route=%2Fwp%2Fv2%2Fetheme_brands&post=22336"},{"taxonomy":"product_cat","embeddable":true,"href":"https:\/\/roadtunes.lv\/index.php?rest_route=%2Fwp%2Fv2%2Fproduct_cat&post=22336"},{"taxonomy":"product_tag","embeddable":true,"href":"https:\/\/roadtunes.lv\/index.php?rest_route=%2Fwp%2Fv2%2Fproduct_tag&post=22336"}],"curies":[{"name":"wp","href":"https:\/\/api.w.org\/{rel}","templated":true}]}}