{"id":23357,"date":"2024-03-07T08:33:18","date_gmt":"2024-03-07T08:33:18","guid":{"rendered":"https:\/\/roadtunes.lv\/?product=pioneer-gm-a5702-2"},"modified":"2024-03-07T08:33:18","modified_gmt":"2024-03-07T08:33:18","slug":"pioneer-gm-a5702-2","status":"publish","type":"product","link":"https:\/\/roadtunes.lv\/?product=pioneer-gm-a5702-2","title":{"rendered":"Pioneer GM-A5702"},"content":{"rendered":"<p>GM-A5702 her\u00e4tt\u00e4\u00e4 j\u00e4rjestelm\u00e4si uuteen uskoon! Vahvistin tarjoaa runsaasti tehoa, tyylikk\u00e4\u00e4n ulkon\u00e4k\u00f6n, sek\u00e4 laajat asennusmahdollisuudet.<\/p>\n<p>Siin\u00e4 on my\u00f6s sis\u00e4\u00e4nrakennetut ali- ja ylip\u00e4\u00e4st\u00f6suotimet, jotka mahdollistavat kaikenlaisten kaiuttimien k\u00e4yt\u00f6n.<\/p>\n<p>Kuten kaikki Pioneer-tuotteet, t\u00e4m\u00e4 vahvistin on testattu perusteellisesti jotta voit nauttia parhaasta \u00e4\u00e4nenlaadusta autossasi. <\/p>\n<p>Kaiutintasoiset sis\u00e4\u00e4ntulot- Yhdist\u00e4 OEM- j\u00e4rjestelm\u00e4si ilman lis\u00e4johtosarjoja.<\/p>\n","protected":false},"excerpt":{"rendered":"<p>Tekniset tiedot:<\/p>\n<p>S\u00e4\u00e4dett\u00e4v\u00e4 LPF: 40-500Hz (-12 dB\/oct)<br \/>Ruuvattavat kaiutinterminaalit<br \/>Kaiutintasoinen sis\u00e4\u00e4ntuloherkkyys: 3 &#8211; 26 V<br \/>Maksimi tehonkulutus:31A<br \/>Piikkiteho: 1000W (sillattuna) tai 2 x 300W (4\u03a9) tai 2 x 500 W (2\u03a9)<br \/>Jatkuva teho: 2 x 150W (4 \u03a9) tai 2 x 240W (2\u03a9) tai 1 x 480 W (4\u03a9) sillattuna<br \/>CEA 2006 teho: 2 x 150W (4 \u03a9)<br \/>Impedanssi: 2\u20138 ohmia<br \/>Taajusvaste: 10Hz ~ 70kHz (+0dB, -3dB) Hz<br \/>S\u00e4r\u00f6:  0.05 %<br \/>Signaali-kohina-suhde:  96 dB<br \/>Mitat (L x K x S): 356 X 60 X 215 mm<br \/>Paino: 2.2 kg.<\/p>\n","protected":false},"featured_media":16538,"comment_status":"closed","ping_status":"open","template":"","meta":[],"etheme_brands":[{"term_id":288,"name":"PIONEER","slug":"pioneer","term_group":0,"term_taxonomy_id":288,"taxonomy":"brand","description":"","parent":0,"count":46,"filter":"raw"}],"product_cat":[300],"product_tag":[57],"_links":{"self":[{"href":"https:\/\/roadtunes.lv\/index.php?rest_route=\/wp\/v2\/product\/23357"}],"collection":[{"href":"https:\/\/roadtunes.lv\/index.php?rest_route=\/wp\/v2\/product"}],"about":[{"href":"https:\/\/roadtunes.lv\/index.php?rest_route=\/wp\/v2\/types\/product"}],"replies":[{"embeddable":true,"href":"https:\/\/roadtunes.lv\/index.php?rest_route=%2Fwp%2Fv2%2Fcomments&post=23357"}],"version-history":[{"count":1,"href":"https:\/\/roadtunes.lv\/index.php?rest_route=\/wp\/v2\/product\/23357\/revisions"}],"predecessor-version":[{"id":23358,"href":"https:\/\/roadtunes.lv\/index.php?rest_route=\/wp\/v2\/product\/23357\/revisions\/23358"}],"wp:featuredmedia":[{"embeddable":true,"href":"https:\/\/roadtunes.lv\/index.php?rest_route=\/wp\/v2\/media\/16538"}],"wp:attachment":[{"href":"https:\/\/roadtunes.lv\/index.php?rest_route=%2Fwp%2Fv2%2Fmedia&parent=23357"}],"wp:term":[{"taxonomy":"brand","embeddable":true,"href":"https:\/\/roadtunes.lv\/index.php?rest_route=%2Fwp%2Fv2%2Fetheme_brands&post=23357"},{"taxonomy":"product_cat","embeddable":true,"href":"https:\/\/roadtunes.lv\/index.php?rest_route=%2Fwp%2Fv2%2Fproduct_cat&post=23357"},{"taxonomy":"product_tag","embeddable":true,"href":"https:\/\/roadtunes.lv\/index.php?rest_route=%2Fwp%2Fv2%2Fproduct_tag&post=23357"}],"curies":[{"name":"wp","href":"https:\/\/api.w.org\/{rel}","templated":true}]}}