{"id":23361,"date":"2024-03-07T08:33:18","date_gmt":"2024-03-07T08:33:18","guid":{"rendered":"https:\/\/roadtunes.lv\/?product=pioneer-gm-d1004-2"},"modified":"2024-03-07T08:33:19","modified_gmt":"2024-03-07T08:33:19","slug":"pioneer-gm-d1004-2","status":"publish","type":"product","link":"https:\/\/roadtunes.lv\/?product=pioneer-gm-d1004-2","title":{"rendered":"Pioneer GM-D1004"},"content":{"rendered":"<p>KOMPAKTI TEHOPAKKAUS! Pioneerin Class-D-vahvistimet ovat ehk\u00e4 juuri se, _x000D_<br \/>mit\u00e4 olet etsinyt. Niiss\u00e4 yhdistyv\u00e4t kompaktit asennusmahdollisuudet, sek\u00e4 tyylik\u00e4s ulkon\u00e4k\u00f6._x000D_<br \/>_x000D_<br \/>Speaker line input sensor &#8211; Yhdist\u00e4 OEM- j\u00e4rjestelm\u00e4si ilman lis\u00e4johtosarjoja._x000D_<br \/>_x000D_<br \/>S\u00e4\u00e4dett\u00e4v\u00e4 HPF \/ LPF -S\u00e4\u00e4d\u00e4 yli- ja alip\u00e4\u00e4st\u00f6suodattin parhaan \u00e4\u00e4nen saavuttamiseksi._x000D_<br \/>_x000D_<br \/>Class D &#8211; Tehokasta ja ensiluokkaista \u00e4\u00e4nt\u00e4 nautittavaksi._x000D_<br \/>_x000D_<br \/>Protection Control System (PCS) &#8211; Pioneerin PCS tarkkailee jatkuvasti vahvistimen j\u00e4nnitett\u00e4, virrankulutusta ja l\u00e4mp\u00f6tilaa takaakseen_x000D_<br \/>vahvistimen toiminnan pitkien kuuntelujaksojen aikana tai jos vahvistin altistuu autossa korkeille l\u00e4mp\u00f6tiloille.<\/p>\n","protected":false},"excerpt":{"rendered":"<p>Tekniset tiedot:<\/p>\n<p>Nimellistuloteho RMS4 x 45W<br \/>Max Teho W360W<br \/>Teho RMS W &#8211; 2 Ohm4 x 45W RMS<br \/>Teho RMS W &#8211; 4 Ohm4 x 45W RMS<br \/>Vakaa2 Ohm, 4 Ohm, Sillattu 4 Ohm<br \/>Alip\u00e4\u00e4st\u00f6 suodin80 Hz (-12 dB\/oct)<br \/>Taajuusvaste (Hz)10 \u2013 40 000 Hz 80 Hz (-12 dB\/oct)<br \/>Ylip\u00e4\u00e4st\u00f680 Hz (-12 dB\/oct)<\/p>\n<p>Suositeltu kaapelikoko (mm2)10mm2<br \/>Mitat (W x H x T)181x38x64<\/p>\n<p>Hyv\u00e4 tiet\u00e4\u00e4:<br \/>K\u00e4ynnistysanturi toimii kaiutiintason her\u00e4tt\u00e4j\u00e4n\u00e4..<\/p>\n","protected":false},"featured_media":16544,"comment_status":"closed","ping_status":"open","template":"","meta":[],"etheme_brands":[{"term_id":288,"name":"PIONEER","slug":"pioneer","term_group":0,"term_taxonomy_id":288,"taxonomy":"brand","description":"","parent":0,"count":46,"filter":"raw"}],"product_cat":[299],"product_tag":[57],"_links":{"self":[{"href":"https:\/\/roadtunes.lv\/index.php?rest_route=\/wp\/v2\/product\/23361"}],"collection":[{"href":"https:\/\/roadtunes.lv\/index.php?rest_route=\/wp\/v2\/product"}],"about":[{"href":"https:\/\/roadtunes.lv\/index.php?rest_route=\/wp\/v2\/types\/product"}],"replies":[{"embeddable":true,"href":"https:\/\/roadtunes.lv\/index.php?rest_route=%2Fwp%2Fv2%2Fcomments&post=23361"}],"version-history":[{"count":1,"href":"https:\/\/roadtunes.lv\/index.php?rest_route=\/wp\/v2\/product\/23361\/revisions"}],"predecessor-version":[{"id":23362,"href":"https:\/\/roadtunes.lv\/index.php?rest_route=\/wp\/v2\/product\/23361\/revisions\/23362"}],"wp:featuredmedia":[{"embeddable":true,"href":"https:\/\/roadtunes.lv\/index.php?rest_route=\/wp\/v2\/media\/16544"}],"wp:attachment":[{"href":"https:\/\/roadtunes.lv\/index.php?rest_route=%2Fwp%2Fv2%2Fmedia&parent=23361"}],"wp:term":[{"taxonomy":"brand","embeddable":true,"href":"https:\/\/roadtunes.lv\/index.php?rest_route=%2Fwp%2Fv2%2Fetheme_brands&post=23361"},{"taxonomy":"product_cat","embeddable":true,"href":"https:\/\/roadtunes.lv\/index.php?rest_route=%2Fwp%2Fv2%2Fproduct_cat&post=23361"},{"taxonomy":"product_tag","embeddable":true,"href":"https:\/\/roadtunes.lv\/index.php?rest_route=%2Fwp%2Fv2%2Fproduct_tag&post=23361"}],"curies":[{"name":"wp","href":"https:\/\/api.w.org\/{rel}","templated":true}]}}