{"id":23365,"date":"2024-03-07T08:33:18","date_gmt":"2024-03-07T08:33:18","guid":{"rendered":"https:\/\/roadtunes.lv\/?product=pioneer-gm-d8704-2"},"modified":"2024-03-07T08:33:19","modified_gmt":"2024-03-07T08:33:19","slug":"pioneer-gm-d8704-2","status":"publish","type":"product","link":"https:\/\/roadtunes.lv\/?product=pioneer-gm-d8704-2","title":{"rendered":"Pioneer GM-D8704"},"content":{"rendered":"<p>KOMPAKTI TEHOPAKKAUS! Pioneerin Class-D-vahvistimet ovat ehk\u00e4 juuri se, <br \/>mit\u00e4 olet etsinyt. Niiss\u00e4 yhdistyv\u00e4t kompaktit asennusmahdollisuudet, sek\u00e4 tyylik\u00e4s ulkon\u00e4k\u00f6.<\/p>\n<p>Speaker line input sensor &#8211; Yhdist\u00e4 OEM- j\u00e4rjestelm\u00e4si ilman lis\u00e4johtosarjoja.<\/p>\n<p>S\u00e4\u00e4dett\u00e4v\u00e4 HPF \/ LPF -S\u00e4\u00e4d\u00e4 yli- ja alip\u00e4\u00e4st\u00f6suodattin parhaan \u00e4\u00e4nen saavuttamiseksi.<\/p>\n<p>Class D &#8211; Tehokasta ja ensiluokkaista \u00e4\u00e4nt\u00e4 nautittavaksi.<\/p>\n<p>Protection Control System (PCS) &#8211; Pioneerin PCS tarkkailee jatkuvasti vahvistimen j\u00e4nnitett\u00e4, virrankulutusta ja l\u00e4mp\u00f6tilaa takaakseen<br \/>vahvistimen toiminnan pitkien kuuntelujaksojen aikana tai jos vahvistin altistuu autossa korkeille l\u00e4mp\u00f6tiloille.<\/p>\n","protected":false},"excerpt":{"rendered":"<p>Tekniset tiedot:<\/p>\n<p>S\u00e4\u00e4dett\u00e4v\u00e4 LPF<br \/>D-luokka<br \/>Channel(s): 4 \/ 2 \/ 1<br \/>RCA terminals: Kyll\u00e4<br \/>Speaker Terminals: Blokki<br \/>LPF: Kyll\u00e4<br \/>HPF: Kyll\u00e4<br \/>Maximum power:<br \/>4 x 200W (4\u03a9)<br \/>4 x 300W (2\u03a9)<br \/>1200W Total<br \/>Continuous power output:<br \/>4 x 100W RMS (4\u03a9)<br \/>4 x 150W RMS (2\u03a9)<br \/>4 x 125W RMS (1\u03a9)<br \/>2 x 300W RMS (4\u03a9 silta)<br \/>Frequency response: 10 Hz &#8211; 50 Hz<br \/>Input level control:<br \/>RCA (0,2V &#8211; 6,5V)<br \/>SP (0,8V &#8211; 16V)<br \/>Distortion:  0,05 %<br \/>S\/N ratio:  95 dB<br \/>Chassis size (W x H x D): 252 x 60 x 215 mm<br \/>Crossover Frequency: 40 &#8211; 500Hz (-12 dB\/oct) Hz.<\/p>\n","protected":false},"featured_media":16550,"comment_status":"closed","ping_status":"open","template":"","meta":[],"etheme_brands":[{"term_id":288,"name":"PIONEER","slug":"pioneer","term_group":0,"term_taxonomy_id":288,"taxonomy":"brand","description":"","parent":0,"count":46,"filter":"raw"}],"product_cat":[299],"product_tag":[57],"_links":{"self":[{"href":"https:\/\/roadtunes.lv\/index.php?rest_route=\/wp\/v2\/product\/23365"}],"collection":[{"href":"https:\/\/roadtunes.lv\/index.php?rest_route=\/wp\/v2\/product"}],"about":[{"href":"https:\/\/roadtunes.lv\/index.php?rest_route=\/wp\/v2\/types\/product"}],"replies":[{"embeddable":true,"href":"https:\/\/roadtunes.lv\/index.php?rest_route=%2Fwp%2Fv2%2Fcomments&post=23365"}],"version-history":[{"count":1,"href":"https:\/\/roadtunes.lv\/index.php?rest_route=\/wp\/v2\/product\/23365\/revisions"}],"predecessor-version":[{"id":23366,"href":"https:\/\/roadtunes.lv\/index.php?rest_route=\/wp\/v2\/product\/23365\/revisions\/23366"}],"wp:featuredmedia":[{"embeddable":true,"href":"https:\/\/roadtunes.lv\/index.php?rest_route=\/wp\/v2\/media\/16550"}],"wp:attachment":[{"href":"https:\/\/roadtunes.lv\/index.php?rest_route=%2Fwp%2Fv2%2Fmedia&parent=23365"}],"wp:term":[{"taxonomy":"brand","embeddable":true,"href":"https:\/\/roadtunes.lv\/index.php?rest_route=%2Fwp%2Fv2%2Fetheme_brands&post=23365"},{"taxonomy":"product_cat","embeddable":true,"href":"https:\/\/roadtunes.lv\/index.php?rest_route=%2Fwp%2Fv2%2Fproduct_cat&post=23365"},{"taxonomy":"product_tag","embeddable":true,"href":"https:\/\/roadtunes.lv\/index.php?rest_route=%2Fwp%2Fv2%2Fproduct_tag&post=23365"}],"curies":[{"name":"wp","href":"https:\/\/api.w.org\/{rel}","templated":true}]}}