{"id":23373,"date":"2024-03-07T08:33:18","date_gmt":"2024-03-07T08:33:18","guid":{"rendered":"https:\/\/roadtunes.lv\/?product=pioneer-marine-gm-me400x4-2"},"modified":"2024-06-11T20:14:42","modified_gmt":"2024-06-11T19:14:42","slug":"pioneer-marine-gm-me400x4-2","status":"publish","type":"product","link":"https:\/\/roadtunes.lv\/?product=pioneer-marine-gm-me400x4-2","title":{"rendered":"Pioneer Marine GM-ME400X4"},"content":{"rendered":"<p>Pioneer\u2032s GM-ME400X4 is a Marine grade Class-D digital amplifier specifically designed for the marine environment, including features such as special painting, protective covers for the side panels and RCA terminal covers.<\/p>\n<p>To prevent circuit shutdown, Pioneer\u2032s GM-ME400X4 digital amplifier circuit includes a \u2033Protection Control System\u2033 senses its internal temperature and automatically moderates input level accordingly. This design enhances the flexibility to connect multiple subwoofers to a system.<\/p>\n<p>For extra flexibility, easy installation is guaranteed thank to \u2033Automatic Signal Sensing and Turn-On\u2033, which automatically detects an input signal and turns the amplifier on and off when connected via the speaker line input.<\/p>\n<p>Variable High Pass Filters (HPF) and Low Pass Filter (LPF) means you can adjust the audio frequency more according to the speaker, subwoofer characteristics and personal listening preferences.<\/p>\n<p>The GM-ME400X4 has a sleek design thanks to its white cosmetics and hairline top plate enhancing the high quality sense of design and a total of 800W.<\/p>\n","protected":false},"excerpt":{"rendered":"<p>Kanavat:4\/2\/1<br \/>Alip\u00e4\u00e4st\u00f6suodin:Kyll\u00e4<br \/>Ylip\u00e4\u00e4st\u00f6suodin:Kyll\u00e4<br \/>Piikkiteho:   4 x 150W (4\u03a9), 4 x 200W (2\u03a9)<br \/>Jatkuva teho:4 x 75W (4\u03a9), 4 x 100W (2\u03a9), 4 x 150W (1\u03a9),<br \/>2 x 300W 4\u03a9 ( sillattuna )<br \/>Toistokaista: 10 Hz &#8211; 50 Hz<br \/>Sis\u00e4\u00e4ntuloherkkyys (RCA):  0.2V &#8211; 6.5V<br \/>Sis\u00e4\u00e4ntuloherkkyys (kaiutintasoinen):  0.8V &#8211; 16V<br \/>THD: 0.05<br \/>Signaali-kohinasuhde: 100 dB<br \/>Mitat ( LxKxP ):  252 mm x 215 mm x 60 mm<br \/>Suotimet:40 &#8211; 500Hz (12 dB\/oct).<\/p>\n","protected":false},"featured_media":16562,"comment_status":"closed","ping_status":"closed","template":"","meta":[],"etheme_brands":[{"term_id":288,"name":"PIONEER","slug":"pioneer","term_group":0,"term_taxonomy_id":288,"taxonomy":"brand","description":"","parent":0,"count":46,"filter":"raw"}],"product_cat":[479],"product_tag":[372],"_links":{"self":[{"href":"https:\/\/roadtunes.lv\/index.php?rest_route=\/wp\/v2\/product\/23373"}],"collection":[{"href":"https:\/\/roadtunes.lv\/index.php?rest_route=\/wp\/v2\/product"}],"about":[{"href":"https:\/\/roadtunes.lv\/index.php?rest_route=\/wp\/v2\/types\/product"}],"replies":[{"embeddable":true,"href":"https:\/\/roadtunes.lv\/index.php?rest_route=%2Fwp%2Fv2%2Fcomments&post=23373"}],"version-history":[{"count":1,"href":"https:\/\/roadtunes.lv\/index.php?rest_route=\/wp\/v2\/product\/23373\/revisions"}],"predecessor-version":[{"id":23374,"href":"https:\/\/roadtunes.lv\/index.php?rest_route=\/wp\/v2\/product\/23373\/revisions\/23374"}],"wp:featuredmedia":[{"embeddable":true,"href":"https:\/\/roadtunes.lv\/index.php?rest_route=\/wp\/v2\/media\/16562"}],"wp:attachment":[{"href":"https:\/\/roadtunes.lv\/index.php?rest_route=%2Fwp%2Fv2%2Fmedia&parent=23373"}],"wp:term":[{"taxonomy":"brand","embeddable":true,"href":"https:\/\/roadtunes.lv\/index.php?rest_route=%2Fwp%2Fv2%2Fetheme_brands&post=23373"},{"taxonomy":"product_cat","embeddable":true,"href":"https:\/\/roadtunes.lv\/index.php?rest_route=%2Fwp%2Fv2%2Fproduct_cat&post=23373"},{"taxonomy":"product_tag","embeddable":true,"href":"https:\/\/roadtunes.lv\/index.php?rest_route=%2Fwp%2Fv2%2Fproduct_tag&post=23373"}],"curies":[{"name":"wp","href":"https:\/\/api.w.org\/{rel}","templated":true}]}}