{"id":23570,"date":"2024-03-07T08:33:40","date_gmt":"2024-03-07T08:33:40","guid":{"rendered":"https:\/\/roadtunes.lv\/?product=ground-zero-gzcm-6-5spl-2"},"modified":"2024-03-07T08:33:41","modified_gmt":"2024-03-07T08:33:41","slug":"ground-zero-gzcm-6-5spl-2","status":"publish","type":"product","link":"https:\/\/roadtunes.lv\/?product=ground-zero-gzcm-6-5spl-2","title":{"rendered":"Ground Zero GZCM 6.5SPL"},"content":{"rendered":"<p>Competition -sarjan laadukas ja todella j\u00e4re\u00e4 LUJAA soiva 6,5\u2033\u2033 keski\u00e4\u00e4nikaiutin! Kaiutinritil\u00e4 sis\u00e4ltyy pakkaukseen.<\/p>\n","protected":false},"excerpt":{"rendered":"<p>Diameter<br \/>165 mm \/ 6.50\u2033<\/p>\n<p>Power Handling (RMS\/max.)<br \/>100 \/ 300 Watts<\/p>\n<p>Impedance<br \/>4 Ohms<\/p>\n<p>Efficiency<br \/>94 dB<\/p>\n<p>Frequency Response<br \/>220 Hz \u2013 10 kHz<\/p>\n<p>Voice Coil<br \/>38 mm \/ 1.5\u2033 CCA<\/p>\n<p>Mounting \u00d8<br \/>143 mm \/ 5.63\u2033<\/p>\n<p>Mounting Depth<br \/>72 mm \/ 2.83\u2033<\/p>\n<p>Resonance Frequency (Fs)<br \/>189 Hz.<\/p>\n<p>&#8211; 300 Watts max<br \/>&#8211; 165 mm \/ 6.5\u2033 high efficient midrange speaker with reinforced paper cone and short CCAW voice coil, incl. grill.<br \/>&#8211; 6.5\u2033 high power midrange speaker<br \/>&#8211; 38 mm \/ 1.5\u2033 CCA voice coil<br \/>&#8211; Fiber reinforced paper cone<br \/>&#8211; Ferrite motor<br \/>&#8211; Resonance free steel basket<br \/>&#8211; Paper dust cap<br \/>&#8211; Incl. protection grill<br \/>1 piece \/ package<\/p>\n","protected":false},"featured_media":17044,"comment_status":"closed","ping_status":"open","template":"","meta":[],"etheme_brands":[{"term_id":291,"name":"Ground zero","slug":"ground-zero","term_group":0,"term_taxonomy_id":291,"taxonomy":"brand","description":"","parent":0,"count":370,"filter":"raw"}],"product_cat":[397],"product_tag":[298],"_links":{"self":[{"href":"https:\/\/roadtunes.lv\/index.php?rest_route=\/wp\/v2\/product\/23570"}],"collection":[{"href":"https:\/\/roadtunes.lv\/index.php?rest_route=\/wp\/v2\/product"}],"about":[{"href":"https:\/\/roadtunes.lv\/index.php?rest_route=\/wp\/v2\/types\/product"}],"replies":[{"embeddable":true,"href":"https:\/\/roadtunes.lv\/index.php?rest_route=%2Fwp%2Fv2%2Fcomments&post=23570"}],"version-history":[{"count":1,"href":"https:\/\/roadtunes.lv\/index.php?rest_route=\/wp\/v2\/product\/23570\/revisions"}],"predecessor-version":[{"id":23571,"href":"https:\/\/roadtunes.lv\/index.php?rest_route=\/wp\/v2\/product\/23570\/revisions\/23571"}],"wp:featuredmedia":[{"embeddable":true,"href":"https:\/\/roadtunes.lv\/index.php?rest_route=\/wp\/v2\/media\/17044"}],"wp:attachment":[{"href":"https:\/\/roadtunes.lv\/index.php?rest_route=%2Fwp%2Fv2%2Fmedia&parent=23570"}],"wp:term":[{"taxonomy":"brand","embeddable":true,"href":"https:\/\/roadtunes.lv\/index.php?rest_route=%2Fwp%2Fv2%2Fetheme_brands&post=23570"},{"taxonomy":"product_cat","embeddable":true,"href":"https:\/\/roadtunes.lv\/index.php?rest_route=%2Fwp%2Fv2%2Fproduct_cat&post=23570"},{"taxonomy":"product_tag","embeddable":true,"href":"https:\/\/roadtunes.lv\/index.php?rest_route=%2Fwp%2Fv2%2Fproduct_tag&post=23570"}],"curies":[{"name":"wp","href":"https:\/\/api.w.org\/{rel}","templated":true}]}}