{"id":24363,"date":"2024-03-07T08:35:13","date_gmt":"2024-03-07T08:35:13","guid":{"rendered":"https:\/\/roadtunes.lv\/?product=marine-1-din-digital-media-receiver-bt-3"},"modified":"2024-03-07T08:35:14","modified_gmt":"2024-03-07T08:35:14","slug":"marine-1-din-digital-media-receiver-bt-3","status":"publish","type":"product","link":"https:\/\/roadtunes.lv\/?product=marine-1-din-digital-media-receiver-bt-3","title":{"rendered":"Marine 1-DIN Digital Media Receiver, BT"},"content":{"rendered":"<p>Designed to resist moisture, fading and stains, Pioneer\u2032s MVH-MS410BT features Bluetooth, USB, Spotify and Pioneer Smart Sync app compatibility.<\/p>\n<p>Enhanced Environmental Protection against exposure to the sun and severe weather conditions makes the MVH-MS410BT ideal for marine use. Featuring UV protection for the fascia panels and conformal coating for circuit board.<\/p>\n<p>Bluetooth connectivity allows for safe and convenient hands-free calling, as well as wireless music streaming from your smartphone. Thanks to Pioneer\u2019s unique Advanced Sound Retriever technology, the sound quality will be as close to the original recording as possible.<\/p>\n<p>Superior audio performance with enhanced audio functions are also included such as an on-board 4 x 50 Watts MOSFET amplifier, 2 x RCA pre outs for further system expandability, a 13-band Graphic EQ to tailor the sound to your personal taste, FLAC codec playback and Dynamic Bass Enhancer, to really bring your music to life.<\/p>\n<p>Delivering an evolution leap in smartphone communication between your smartphone and the MVH-MS410BT, Pioneer\u2032s Smart Sync App introduces a new way of enjoyment inside your boat.<\/p>\n<p>Pioneer\u2032s MVH-MS410BT is also compatible with Pioneer\u2032s optional Marine remote control CD-ME300, sold separately.<\/p>\n","protected":false},"excerpt":{"rendered":"<p>Kosteutta, kulumista ja tahroja kest\u00e4v\u00e4ksi suunnitellussa Pioneerin MVH-MS410BT:ss\u00e4 on Bluetooth, USB, Spotify ja Pioneer Smart Sync -sovellusyhteensopivuus.<\/p>\n<p> Parannettu ymp\u00e4rist\u00f6suojaus aurinkoa ja \u00e4\u00e4ris\u00e4\u00e4olosuhteita vastaan tekee MVH-MS410BT:st\u00e4 ihanteellisen merik\u00e4ytt\u00f6\u00f6n. Sis\u00e4lt\u00e4\u00e4 UV-suojauksen fascia-paneeleille ja pinnoituksen piirilevylle.<\/p>\n<p> Bluetooth-yhteydell\u00e4 voit turvallisesti ja k\u00e4tev\u00e4sti tehd\u00e4 handsfee-puheluita ja suoratoistaa musiikkia langattomasti \u00e4lypuhelimestasi. Pioneerin ainutlaatuisen Advanced Sound Retriever -tekniikan ansiosta \u00e4\u00e4nenlaatu on mahdollisimman l\u00e4hell\u00e4 alkuper\u00e4ist\u00e4 tallennetta.<\/p>\n<p>Huippuluokan \u00e4\u00e4nenlaatu ja parannetut \u00e4\u00e4nitoiminnot sis\u00e4ltyv\u00e4t my\u00f6s, esimerkiksi 4 x 50 watin MOSFET-vahvistin, 2 RCA-esil\u00e4ht\u00f6\u00e4 j\u00e4rjestelm\u00e4n laajennettavuutta varten, 13-kaistainen graafinen taajuuskorjain \u00e4\u00e4nen sovittamiseen omaan makuun, FLAC-koodekin toisto ja Dynamic Bass Enhancer, joka todella her\u00e4tt\u00e4\u00e4 musiikin eloon.<\/p>\n<p> Pioneerin Smart Sync -sovellus tarjoaa kehitysloikan \u00e4lypuhelimen ja MVH-MS410BT:n v\u00e4lisess\u00e4 tiedonsiirrossa ja esittelee uuden tavan nauttia veneen sis\u00e4ll\u00e4.<\/p>\n<p> Pioneerin MVH-MS410BT on my\u00f6s yhteensopiva Pioneerin valinnaisen Marine-kaukos\u00e4\u00e4timen CD-ME300 kanssa, myyd\u00e4\u00e4n erikseen..<\/p>\n","protected":false},"featured_media":19044,"comment_status":"closed","ping_status":"open","template":"","meta":[],"etheme_brands":[{"term_id":288,"name":"PIONEER","slug":"pioneer","term_group":0,"term_taxonomy_id":288,"taxonomy":"brand","description":"","parent":0,"count":46,"filter":"raw"}],"product_cat":[224],"product_tag":[225],"_links":{"self":[{"href":"https:\/\/roadtunes.lv\/index.php?rest_route=\/wp\/v2\/product\/24363"}],"collection":[{"href":"https:\/\/roadtunes.lv\/index.php?rest_route=\/wp\/v2\/product"}],"about":[{"href":"https:\/\/roadtunes.lv\/index.php?rest_route=\/wp\/v2\/types\/product"}],"replies":[{"embeddable":true,"href":"https:\/\/roadtunes.lv\/index.php?rest_route=%2Fwp%2Fv2%2Fcomments&post=24363"}],"version-history":[{"count":1,"href":"https:\/\/roadtunes.lv\/index.php?rest_route=\/wp\/v2\/product\/24363\/revisions"}],"predecessor-version":[{"id":24364,"href":"https:\/\/roadtunes.lv\/index.php?rest_route=\/wp\/v2\/product\/24363\/revisions\/24364"}],"wp:featuredmedia":[{"embeddable":true,"href":"https:\/\/roadtunes.lv\/index.php?rest_route=\/wp\/v2\/media\/19044"}],"wp:attachment":[{"href":"https:\/\/roadtunes.lv\/index.php?rest_route=%2Fwp%2Fv2%2Fmedia&parent=24363"}],"wp:term":[{"taxonomy":"brand","embeddable":true,"href":"https:\/\/roadtunes.lv\/index.php?rest_route=%2Fwp%2Fv2%2Fetheme_brands&post=24363"},{"taxonomy":"product_cat","embeddable":true,"href":"https:\/\/roadtunes.lv\/index.php?rest_route=%2Fwp%2Fv2%2Fproduct_cat&post=24363"},{"taxonomy":"product_tag","embeddable":true,"href":"https:\/\/roadtunes.lv\/index.php?rest_route=%2Fwp%2Fv2%2Fproduct_tag&post=24363"}],"curies":[{"name":"wp","href":"https:\/\/api.w.org\/{rel}","templated":true}]}}