{"id":24675,"date":"2024-03-07T08:35:44","date_gmt":"2024-03-07T08:35:44","guid":{"rendered":"https:\/\/roadtunes.lv\/?product=hard-wire-kit-for-vrec-dz600-2"},"modified":"2024-06-11T20:05:20","modified_gmt":"2024-06-11T19:05:20","slug":"hard-wire-kit-for-vrec-dz600-2","status":"publish","type":"product","link":"https:\/\/roadtunes.lv\/?product=hard-wire-kit-for-vrec-dz600-2","title":{"rendered":"Hard wire kit for VREC-DZ600"},"content":{"rendered":"<p>Pioneerin RD-HWK100 Kiinte\u00e4johtoinen sarja on suunniteltu tarjoamaan 24\/7-turvatila mallille VREC-DZ600. 24\/7-turvatila aloittaa tallentamisen automaattisesti t\u00f6rm\u00e4yksen havaitessaan, kun kojelautakameran sis\u00e4inen akku tyhjenee, joten voit valvoa ajoneuvoasi 24 tuntia p\u00e4iv\u00e4ss\u00e4 365 p\u00e4iv\u00e4\u00e4 vuodessa._x000D_<br \/>_x000D_<br \/> _x000D_<br \/>_x000D_<br \/>Pioneerin RD-HWK100 Kiinte\u00e4johtoinen sarja sis\u00e4lt\u00e4\u00e4 my\u00f6s audio-\/videol\u00e4ht\u00f6kaapelin, joten VREC-DZ600 voidaan liitt\u00e4\u00e4 ulkoiseen n\u00e4ytt\u00f6\u00f6n, jossa on A\/V-tulo. N\u00e4in voit katsoa kojelautakameran kuvaa suuremmalta n\u00e4yt\u00f6lt\u00e4._x000D_<br \/>_x000D_<br \/> _x000D_<br \/>_x000D_<br \/>Pioneerin RD-HWK100 Kiinte\u00e4johtoinen sarja on yhteensopiva mallin VREC-DZ600 kanssa, ja se myyd\u00e4\u00e4n erikseen.<\/p>\n","protected":false},"excerpt":{"rendered":"<p>24\/7-turvatila<\/p>\n<p>Audio-\/videol\u00e4ht\u00f6<\/p>\n<p>Yhteensopivuus: VREC-DZ600, myyd\u00e4\u00e4n erikseen..<\/p>\n","protected":false},"featured_media":19701,"comment_status":"closed","ping_status":"closed","template":"","meta":[],"etheme_brands":[{"term_id":288,"name":"PIONEER","slug":"pioneer","term_group":0,"term_taxonomy_id":288,"taxonomy":"brand","description":"","parent":0,"count":46,"filter":"raw"}],"product_cat":[191],"product_tag":[],"_links":{"self":[{"href":"https:\/\/roadtunes.lv\/index.php?rest_route=\/wp\/v2\/product\/24675"}],"collection":[{"href":"https:\/\/roadtunes.lv\/index.php?rest_route=\/wp\/v2\/product"}],"about":[{"href":"https:\/\/roadtunes.lv\/index.php?rest_route=\/wp\/v2\/types\/product"}],"replies":[{"embeddable":true,"href":"https:\/\/roadtunes.lv\/index.php?rest_route=%2Fwp%2Fv2%2Fcomments&post=24675"}],"version-history":[{"count":1,"href":"https:\/\/roadtunes.lv\/index.php?rest_route=\/wp\/v2\/product\/24675\/revisions"}],"predecessor-version":[{"id":24676,"href":"https:\/\/roadtunes.lv\/index.php?rest_route=\/wp\/v2\/product\/24675\/revisions\/24676"}],"wp:featuredmedia":[{"embeddable":true,"href":"https:\/\/roadtunes.lv\/index.php?rest_route=\/wp\/v2\/media\/19701"}],"wp:attachment":[{"href":"https:\/\/roadtunes.lv\/index.php?rest_route=%2Fwp%2Fv2%2Fmedia&parent=24675"}],"wp:term":[{"taxonomy":"brand","embeddable":true,"href":"https:\/\/roadtunes.lv\/index.php?rest_route=%2Fwp%2Fv2%2Fetheme_brands&post=24675"},{"taxonomy":"product_cat","embeddable":true,"href":"https:\/\/roadtunes.lv\/index.php?rest_route=%2Fwp%2Fv2%2Fproduct_cat&post=24675"},{"taxonomy":"product_tag","embeddable":true,"href":"https:\/\/roadtunes.lv\/index.php?rest_route=%2Fwp%2Fv2%2Fproduct_tag&post=24675"}],"curies":[{"name":"wp","href":"https:\/\/api.w.org\/{rel}","templated":true}]}}