{"id":26886,"date":"2024-03-07T09:46:37","date_gmt":"2024-03-07T09:46:37","guid":{"rendered":"https:\/\/roadtunes.lv\/?product=four-fmtbt1-1-fm-transmitter-4"},"modified":"2024-03-07T09:46:38","modified_gmt":"2024-03-07T09:46:38","slug":"four-fmtbt1-1-fm-transmitter-4","status":"publish","type":"product","link":"https:\/\/roadtunes.lv\/?product=four-fmtbt1-1-fm-transmitter-4","title":{"rendered":"FOUR FMTBT1.1 FM Transmitter"},"content":{"rendered":"<p>\u2033FEATURES:<\/p>\n<p>Wirelessly transmit music or phone call from<br \/>Bluetooth mobile phone to the car FM stereo system<\/p>\n<p>Switch to Hands-free mode automatically from<br \/>music playing status when receiving calls<\/p>\n<p>Built-in Microphone<\/p>\n<p>Strong ABS body with aluminum ring<\/p>\n<p>LCD frequency display<\/p>\n","protected":false},"excerpt":{"rendered":"<p>Bluetooth versio: ATS V5.0<br \/>&#8211; Taajuusalue: 87.5-108.0MHZ<br \/>&#8211; K\u00e4ytt\u00f6j\u00e4nnite: 12-24V DC<br \/>&#8211; Laturin ulostulo: 5V\/4.0A<br \/>&#8211; Tuetut formatit: MP3, WMA<br \/>&#8211; L\u00e4hettimen kantomatka: noin 10 m..<\/p>\n","protected":false},"featured_media":11051,"comment_status":"closed","ping_status":"open","template":"","meta":[],"etheme_brands":[{"term_id":51,"name":"4","slug":"4","term_group":0,"term_taxonomy_id":51,"taxonomy":"brand","description":"","parent":0,"count":528,"filter":"raw"}],"product_cat":[52],"product_tag":[53],"_links":{"self":[{"href":"https:\/\/roadtunes.lv\/index.php?rest_route=\/wp\/v2\/product\/26886"}],"collection":[{"href":"https:\/\/roadtunes.lv\/index.php?rest_route=\/wp\/v2\/product"}],"about":[{"href":"https:\/\/roadtunes.lv\/index.php?rest_route=\/wp\/v2\/types\/product"}],"replies":[{"embeddable":true,"href":"https:\/\/roadtunes.lv\/index.php?rest_route=%2Fwp%2Fv2%2Fcomments&post=26886"}],"version-history":[{"count":1,"href":"https:\/\/roadtunes.lv\/index.php?rest_route=\/wp\/v2\/product\/26886\/revisions"}],"predecessor-version":[{"id":26887,"href":"https:\/\/roadtunes.lv\/index.php?rest_route=\/wp\/v2\/product\/26886\/revisions\/26887"}],"wp:featuredmedia":[{"embeddable":true,"href":"https:\/\/roadtunes.lv\/index.php?rest_route=\/wp\/v2\/media\/11051"}],"wp:attachment":[{"href":"https:\/\/roadtunes.lv\/index.php?rest_route=%2Fwp%2Fv2%2Fmedia&parent=26886"}],"wp:term":[{"taxonomy":"brand","embeddable":true,"href":"https:\/\/roadtunes.lv\/index.php?rest_route=%2Fwp%2Fv2%2Fetheme_brands&post=26886"},{"taxonomy":"product_cat","embeddable":true,"href":"https:\/\/roadtunes.lv\/index.php?rest_route=%2Fwp%2Fv2%2Fproduct_cat&post=26886"},{"taxonomy":"product_tag","embeddable":true,"href":"https:\/\/roadtunes.lv\/index.php?rest_route=%2Fwp%2Fv2%2Fproduct_tag&post=26886"}],"curies":[{"name":"wp","href":"https:\/\/api.w.org\/{rel}","templated":true}]}}