{"id":27913,"date":"2024-03-07T09:48:42","date_gmt":"2024-03-07T09:48:42","guid":{"rendered":"https:\/\/roadtunes.lv\/?product=pioneer-dmh-a240bt-3"},"modified":"2024-06-09T20:23:32","modified_gmt":"2024-06-09T19:23:32","slug":"pioneer-dmh-a240bt-3","status":"publish","type":"product","link":"https:\/\/roadtunes.lv\/?product=pioneer-dmh-a240bt-3","title":{"rendered":"Pioneer DMH-A240BT"},"content":{"rendered":"<p>The Short Chassis 2-Din DMH-A240BT lets you connect to a compatible iPhone or Android phone using a single USB cable, which allows you to mirror &amp; control your smarthphone from your dashboard in a convenient way. It plays audio\/video content from USB devices.<\/p>\n<p>Additionally, this car AV player features Bluetooth, allowing you to stream your music or call hands-free over a wireless connection.<\/p>\n<p>Upgrade your music with high-grade audio functions: The 13-band graphic EQ allows you to customise the sound settings to your own preferences.<\/p>\n","protected":false},"excerpt":{"rendered":"<p>Main Features:<\/p>\n<p>WebLink<br \/>Bluetooth<br \/>Mechafree<br \/>Short Chassis<br \/>USB Input<br \/>WazeVia Weblink<br \/>SpotifyVia Weblink<br \/>FM Radio<br \/>Camera InputYes<br \/>Screen6.2\u2033 Clear Resistive Touchscreen<br \/>Plays: Your iPod, iPhone, Android Smartphone<br \/>&#8211; Bluetooth audio<\/p>\n<p>Via USB:<br \/>&#8211; MP3, WMA, AAC, WAV and FLAC audio files<br \/>&#8211; H.264, MKV, FLV, MPEG4, MPEG2 (PS),WMV\/MOV\/DivX\/XviD and TS video files in Full HD<br \/>&#8211; JPEG and BMP image files<br \/>Installation Type2-DIN<br \/>Accessories Included:<br \/>1 Microphone for hands-free calling<\/p>\n<p>Optional:<br \/>&#8211; CA-IU.52C (USB to Lightning cable)<br \/>&#8211; ND-BC8 (Reverse camera)<br \/>&#8211; CD-R320 (Remote Control)<br \/>USB InputUSB (1 Amp)<br \/>Screen Features<br \/>6.2\u2033 Clear Type Resistive Touchscreen<br \/>Apple Compatibility<br \/>Made for iPod \/ iPhone<br \/>Siri Eyes Free<br \/>Works with iPhone<br \/>Android Compatibility<br \/>Compatible with Android<br \/>Audio<br \/>FLAC<br \/>13-band Graphical EQ<br \/>MOSFET 50 W x 4 Amplifier<br \/>Graphic Equaliser13-band<br \/>High Pass Filter<br \/>Low Pass Filter<br \/>Subwoofer Control<br \/>RCA Pre-Outs3. (Front, rear and subwoofer)<br \/>Tuner Features<br \/>RDS FM Radio<br \/>Bluetooth<br \/>Hands Free Calling (Hands Free Profile)<br \/>Music Streaming<br \/>Additional Bluetooth Features- Audio streaming<br \/>CompatibilityHFP\/A2DP\/SPP<br \/>Pioneer Bluetooth<br \/>Connections<br \/>Aux-in1 rear AV Aux-In<br \/>RCA AV InputYes<br \/>RCA AV Rear Output<br \/>Hard Wired Remote Ready<br \/>ISO connector<\/p>\n<p>Sis\u00e4\u00e4nrakennetun DSP:n ominaisuudet:<br \/>(T\u00e4m\u00e4 laite ei tue aikaviives\u00e4\u00e4t\u00f6j\u00e4.)<\/p>\n<p>Taajuuskorjain:<\/p>\n<p>13-kaistainen graafinen taajuuskorjain :<\/p>\n<p>taajuuskorjaimen keskitaajuudet: 50\/80\/125\/200\/315\/500\/800\/1250\/2000\/3150\/5000\/8000\/12500 Hz<br \/>taajuuskorjaimen s\u00e4\u00e4t\u00f6alue +- 12 dB<br \/>Jakosuotimet 2-tie tilassa ( STD ):<\/p>\n<p>Etukanavat ylip\u00e4\u00e4st\u00f6: 25, 32, 40, 50, 63, 80, 100, 125, 160, 200 ja 250 Hz<br \/>Takakanavat ylip\u00e4\u00e4st\u00f6: 25, 32, 40, 50, 63, 80, 100, 125, 160, 200 ja 250 Hz<br \/>Subwoofer kanavat alip\u00e4\u00e4st\u00f6: 25, 32, 40, 50, 63, 80, 100, 125, 160, 200 ja 250 Hz<br \/>jakojyrkkyys: kiinte\u00e4.<\/p>\n","protected":false},"featured_media":16352,"comment_status":"closed","ping_status":"closed","template":"","meta":[],"etheme_brands":[{"term_id":288,"name":"PIONEER","slug":"pioneer","term_group":0,"term_taxonomy_id":288,"taxonomy":"brand","description":"","parent":0,"count":46,"filter":"raw"}],"product_cat":[289],"product_tag":[225],"_links":{"self":[{"href":"https:\/\/roadtunes.lv\/index.php?rest_route=\/wp\/v2\/product\/27913"}],"collection":[{"href":"https:\/\/roadtunes.lv\/index.php?rest_route=\/wp\/v2\/product"}],"about":[{"href":"https:\/\/roadtunes.lv\/index.php?rest_route=\/wp\/v2\/types\/product"}],"replies":[{"embeddable":true,"href":"https:\/\/roadtunes.lv\/index.php?rest_route=%2Fwp%2Fv2%2Fcomments&post=27913"}],"version-history":[{"count":2,"href":"https:\/\/roadtunes.lv\/index.php?rest_route=\/wp\/v2\/product\/27913\/revisions"}],"predecessor-version":[{"id":29670,"href":"https:\/\/roadtunes.lv\/index.php?rest_route=\/wp\/v2\/product\/27913\/revisions\/29670"}],"wp:featuredmedia":[{"embeddable":true,"href":"https:\/\/roadtunes.lv\/index.php?rest_route=\/wp\/v2\/media\/16352"}],"wp:attachment":[{"href":"https:\/\/roadtunes.lv\/index.php?rest_route=%2Fwp%2Fv2%2Fmedia&parent=27913"}],"wp:term":[{"taxonomy":"brand","embeddable":true,"href":"https:\/\/roadtunes.lv\/index.php?rest_route=%2Fwp%2Fv2%2Fetheme_brands&post=27913"},{"taxonomy":"product_cat","embeddable":true,"href":"https:\/\/roadtunes.lv\/index.php?rest_route=%2Fwp%2Fv2%2Fproduct_cat&post=27913"},{"taxonomy":"product_tag","embeddable":true,"href":"https:\/\/roadtunes.lv\/index.php?rest_route=%2Fwp%2Fv2%2Fproduct_tag&post=27913"}],"curies":[{"name":"wp","href":"https:\/\/api.w.org\/{rel}","templated":true}]}}