{"id":28679,"date":"2024-03-07T09:50:12","date_gmt":"2024-03-07T09:50:12","guid":{"rendered":"https:\/\/roadtunes.lv\/?product=ground-zero-gzrw-38-d2-3"},"modified":"2024-03-07T09:50:15","modified_gmt":"2024-03-07T09:50:15","slug":"ground-zero-gzrw-38-d2-3","status":"publish","type":"product","link":"https:\/\/roadtunes.lv\/?product=ground-zero-gzrw-38-d2-3","title":{"rendered":"Ground Zero GZRW 38-D2"},"content":{"rendered":"<p>Ground Zero GZRW 38-D2 on uudistunut malli Ground Zero GZRW 15 -elementist\u00e4.<\/p>\n<p>HighRoll-yl\u00e4ripustus mahdollistaa aiempaa suuremman kartion lineaarisen liikeradan. Kaikki Radioactive-malliston elementit ovat kaikki Klippel Design optimoituja. Edullinen hinta ja silti erinomainen suorituskyky. Valurungon tilalla on puristettu ter\u00e4speltirunko, jonka j\u00e4ykkyys on oikein suunnitelluilla pokkauksilla saatu eritt\u00e4in hyv\u00e4ksi. Runko on peltirungoksi my\u00f6s avoin, joten se ei est\u00e4 ilman virtausta elementin takana. Rungon valmistuksessa s\u00e4\u00e4stynyt raha on voitu kohdistaa voimakkaamman moottorin valmistamiseen. Elementiss\u00e4 on kuparilangasta k\u00e4\u00e4mitty 3\u2033 puhekela ja j\u00e4re\u00e4t tuplamagneetit.<\/p>\n","protected":false},"excerpt":{"rendered":"<p>15\u2033 subwoofer<br \/>3\u2033 puhekela<br \/>kartio k\u00e4sitelty\u00e4 puristamatonta selluloosaa<br \/>HighRoll-yl\u00e4ripustus<br \/>Polycot-alaripustus<br \/>2\u00d72 Ohm puhekelat<br \/>tehonkesto 1000 W RMS<br \/>herkkyys: 87 dB \/ 1W \/ 1m<br \/>fs: 27 Hz<br \/>Qts: 0,505<br \/>Vas: 97,08 litraa<br \/>x-max: 50 mm<br \/>asennusaukon halkaisija 359 mm<br \/>asennussyvyys 195 mm.<\/p>\n","protected":false},"featured_media":18277,"comment_status":"closed","ping_status":"open","template":"","meta":[],"etheme_brands":[{"term_id":291,"name":"Ground zero","slug":"ground-zero","term_group":0,"term_taxonomy_id":291,"taxonomy":"brand","description":"","parent":0,"count":370,"filter":"raw"}],"product_cat":[327],"product_tag":[107],"_links":{"self":[{"href":"https:\/\/roadtunes.lv\/index.php?rest_route=\/wp\/v2\/product\/28679"}],"collection":[{"href":"https:\/\/roadtunes.lv\/index.php?rest_route=\/wp\/v2\/product"}],"about":[{"href":"https:\/\/roadtunes.lv\/index.php?rest_route=\/wp\/v2\/types\/product"}],"replies":[{"embeddable":true,"href":"https:\/\/roadtunes.lv\/index.php?rest_route=%2Fwp%2Fv2%2Fcomments&post=28679"}],"version-history":[{"count":1,"href":"https:\/\/roadtunes.lv\/index.php?rest_route=\/wp\/v2\/product\/28679\/revisions"}],"predecessor-version":[{"id":28680,"href":"https:\/\/roadtunes.lv\/index.php?rest_route=\/wp\/v2\/product\/28679\/revisions\/28680"}],"wp:featuredmedia":[{"embeddable":true,"href":"https:\/\/roadtunes.lv\/index.php?rest_route=\/wp\/v2\/media\/18277"}],"wp:attachment":[{"href":"https:\/\/roadtunes.lv\/index.php?rest_route=%2Fwp%2Fv2%2Fmedia&parent=28679"}],"wp:term":[{"taxonomy":"brand","embeddable":true,"href":"https:\/\/roadtunes.lv\/index.php?rest_route=%2Fwp%2Fv2%2Fetheme_brands&post=28679"},{"taxonomy":"product_cat","embeddable":true,"href":"https:\/\/roadtunes.lv\/index.php?rest_route=%2Fwp%2Fv2%2Fproduct_cat&post=28679"},{"taxonomy":"product_tag","embeddable":true,"href":"https:\/\/roadtunes.lv\/index.php?rest_route=%2Fwp%2Fv2%2Fproduct_tag&post=28679"}],"curies":[{"name":"wp","href":"https:\/\/api.w.org\/{rel}","templated":true}]}}