{"id":29003,"date":"2024-03-07T09:50:48","date_gmt":"2024-03-07T09:50:48","guid":{"rendered":"https:\/\/roadtunes.lv\/?product=pioneer-mvh-s320bt-3"},"modified":"2024-03-07T21:02:02","modified_gmt":"2024-03-07T21:02:02","slug":"pioneer-mvh-s320bt-3","status":"publish","type":"product","link":"https:\/\/roadtunes.lv\/?product=pioneer-mvh-s320bt-3","title":{"rendered":"Pioneer MVH-S320BT"},"content":{"rendered":"<p>This 1-DIN Bluetooth receiver sets new standards in terms of audio performance and connectivity. Nevertheless, it\u2019s very easy to use and control thanks to its useful display and large Rotary Commander.<\/p>\n<p>Bluetooth connectivity allows for safe and convenient hands-free calling, as well as wireless music streaming from your smartphone. Thanks to Pioneer\u2019s unique Advanced Sound Retriever technology, the sound quality will be as close to the original recording as possible. You can even connect two Bluetooth phones simultaneously.<\/p>\n<p>For smartphone users, simply connect your Android smartphone wirelessly (via Bluetooth) and safely enjoy Spotify (both for Free and Premium Spotify users) or the Pioneer Smart Sync app, which will take your smartphone to a whole new level.<\/p>\n<p>Make no mistake, the MVH-S320BT is a true high-end car audio system. It reads FLAC files, is equipped with a 13-band Graphic EQ, 2 RCA pre-outs, an on-board MOSFET 50 W x 4 amplifier, making the MVH-S320BT the perfect partner on any journey.<\/p>\n","protected":false},"excerpt":{"rendered":"<p>\u00c4\u00e4ni<br \/>\n&#8211; Suurin l\u00e4ht\u00f6teho MOSFET 4 x 50 W<br \/>\n&#8211; USBin kautta: MP3-, WMA-, WAV-, FLAC- ja AAC-\u00e4\u00e4nitiedostot<br \/>\n&#8211; 13-kaistainen graafinen taajuuskorjain<br \/>\n&#8211; FLAC<br \/>\n&#8211; 2 x RCA-linjal\u00e4ht\u00f6 (2 V) (etu, taka tai subwoofer)<br \/>\n&#8211; Kuuntelupaikan valitsin<br \/>\n&#8211; Advanced Sound Retriever<br \/>\n&#8211; Yli- ja alip\u00e4\u00e4st\u00f6suodin<br \/>\n&#8211; Subwoofer Control<br \/>\n&#8211; Direct Sub Drive<\/p>\n<p>Bluetooth\u00ae<br \/>\n&#8211; Puheohjaus<br \/>\n&#8211; Handsfree, mukana mikrofoni<br \/>\n&#8211; \u00c4\u00e4nen suoratoisto<br \/>\n&#8211; 2 puhelimen t\u00e4ysin samanaikainen liit\u00e4nt\u00e4<br \/>\n&#8211; Automaattinen puhelinluettelon siirto<br \/>\n&#8211; Laajakaistapuhe<br \/>\n&#8211; Langaton audioselailu<\/p>\n<p>Viritin<br \/>\n&#8211; RDS FM\/AM-viritin<br \/>\n&#8211; Ohjelmatyypin haku<br \/>\n&#8211; Best Stations Memory (BSM)<br \/>\n&#8211; Liikennetiedotus<br \/>\n&#8211; Automaattinen vaihtoehtoisen taajuuden etsin<br \/>\n&#8211; Automaattinen \/ Manuaalinen taajuuden s\u00e4\u00e4t\u00f6<\/p>\n<p>Muut ominaisuudet<br \/>\n&#8211; Irrotettava etupaneeli, mukana etupaneelin suojakotelo<br \/>\n&#8211; Asetusten virtakatkossuoja (Back up memory)<br \/>\n&#8211; Lyhyt runko<br \/>\n&#8211; Laajakulmainen VA LCD-n\u00e4ytt\u00f6, 1 rivi<br \/>\n&#8211; Punainen n\u00e4pp\u00e4invalaistus<br \/>\n&#8211; Johdollisen kaukos\u00e4\u00e4timen tulo<br \/>\n&#8211; Pioneer Smart Sync App\u2033<\/p>\n<p>DSP:n ominaisuudet<\/p>\n<p>taajuuskorjaimen keskitaajuudet:<\/p>\n<p>50\/80\/125\/200\/315\/500\/800\/1250\/2000\/3150\/5000\/8000\/12500 Hz<br \/>\ntaajuuskorjaimen s\u00e4\u00e4t\u00f6alue +- 12 dB<\/p>\n<p>Aikaviives\u00e4\u00e4d\u00f6t:<\/p>\n<p>aikaviives\u00e4\u00e4d\u00f6t 0-350 cm joka kanavalle<br \/>\n2.5 cm portain<br \/>\nJakosuotimet:<\/p>\n<p>Etukanavat ylip\u00e4\u00e4st\u00f6: 25, 31.5, 40, 50, 63, 80, 100, 125, 160, 200 ja 250 Hz<br \/>\nTakakanavat ylip\u00e4\u00e4st\u00f6: 25, 31.5, 40, 50, 63, 80, 100, 125, 160, 200 ja 250<br \/>\nSubwoofer kanavat alip\u00e4\u00e4st\u00f6: 25, 31.5, 40, 50, 63, 80, 100, 125, 160, 200 ja 250<br \/>\njakojyrkkyys p\u00e4\u00e4kanavat: 0\/6\/12\/18\/24 dB\/oct<br \/>\njakojyrkkyys SUB-kanavat: 0\/6\/12\/18\/24\/30\/36 dB\/oct<br \/>\ntasons\u00e4\u00e4t\u00f6: -24 \u2013 +10 dB ( 1dB portain ).<\/p>\n","protected":false},"featured_media":19062,"comment_status":"closed","ping_status":"closed","template":"","meta":[],"etheme_brands":[{"term_id":288,"name":"PIONEER","slug":"pioneer","term_group":0,"term_taxonomy_id":288,"taxonomy":"brand","description":"","parent":0,"count":46,"filter":"raw"}],"product_cat":[224],"product_tag":[448],"_links":{"self":[{"href":"https:\/\/roadtunes.lv\/index.php?rest_route=\/wp\/v2\/product\/29003"}],"collection":[{"href":"https:\/\/roadtunes.lv\/index.php?rest_route=\/wp\/v2\/product"}],"about":[{"href":"https:\/\/roadtunes.lv\/index.php?rest_route=\/wp\/v2\/types\/product"}],"replies":[{"embeddable":true,"href":"https:\/\/roadtunes.lv\/index.php?rest_route=%2Fwp%2Fv2%2Fcomments&post=29003"}],"version-history":[{"count":2,"href":"https:\/\/roadtunes.lv\/index.php?rest_route=\/wp\/v2\/product\/29003\/revisions"}],"predecessor-version":[{"id":29626,"href":"https:\/\/roadtunes.lv\/index.php?rest_route=\/wp\/v2\/product\/29003\/revisions\/29626"}],"wp:featuredmedia":[{"embeddable":true,"href":"https:\/\/roadtunes.lv\/index.php?rest_route=\/wp\/v2\/media\/19062"}],"wp:attachment":[{"href":"https:\/\/roadtunes.lv\/index.php?rest_route=%2Fwp%2Fv2%2Fmedia&parent=29003"}],"wp:term":[{"taxonomy":"brand","embeddable":true,"href":"https:\/\/roadtunes.lv\/index.php?rest_route=%2Fwp%2Fv2%2Fetheme_brands&post=29003"},{"taxonomy":"product_cat","embeddable":true,"href":"https:\/\/roadtunes.lv\/index.php?rest_route=%2Fwp%2Fv2%2Fproduct_cat&post=29003"},{"taxonomy":"product_tag","embeddable":true,"href":"https:\/\/roadtunes.lv\/index.php?rest_route=%2Fwp%2Fv2%2Fproduct_tag&post=29003"}],"curies":[{"name":"wp","href":"https:\/\/api.w.org\/{rel}","templated":true}]}}