{"id":29005,"date":"2024-03-07T09:50:48","date_gmt":"2024-03-07T09:50:48","guid":{"rendered":"https:\/\/roadtunes.lv\/?product=pioneer-mvh-s420bt-3"},"modified":"2024-03-07T21:02:31","modified_gmt":"2024-03-07T21:02:31","slug":"pioneer-mvh-s420bt-3","status":"publish","type":"product","link":"https:\/\/roadtunes.lv\/?product=pioneer-mvh-s420bt-3","title":{"rendered":"Pioneer MVH-S420BT"},"content":{"rendered":"<p>This 1-DIN Bluetooth receiver sets new standards in terms of audio performance and connectivity. Nevertheless, it\u2019s very easy to use and control thanks to its useful display and large Rotary Commander.<\/p>\n<p>Bluetooth connectivity allows for safe and convenient hands-free calling, as well as wireless music streaming from your smartphone. Thanks to Pioneer\u2019s unique Advanced Sound Retriever technology, the sound quality will be as close to the original recording as possible. You can even connect two Bluetooth phones simultaneously.<\/p>\n<p>For smartphone users, simply connect your iPhone or Android smartphone wirelessly (via Bluetooth) and safely enjoy Spotify (both for Free and Premium Spotify users) or the Pioneer Smart Sync app, which will take your smartphone to a whole new level.<\/p>\n<p>Make no mistake, the MVH-S420BT is a true high-end car audio system. It reads FLAC files, is equipped with a 13-band Graphic EQ, 2 RCA pre-outs, an on-board MOSFET 50 W x 4 amplifier, making the MVH-S420BT the perfect partner on any journey.<\/p>\n","protected":false},"excerpt":{"rendered":"<p>Bluetooth\u00ae<br \/>\nPioneer Smart Sync AppiPhone \/ Android<br \/>\nSpotifyiPhone \/ Android<br \/>\nMechafree<br \/>\nShort Chassis<br \/>\nAnti theft detachable panel<br \/>\nPlaysVia USB:<br \/>\n\u2022 MP3, WMA, WAV, FLAC and AAC audio files<\/p>\n<p>\u2022 Other music devices via the front Aux-In<br \/>\nInstallation Type1-DIN<br \/>\nAccessories1 External Bluetooth microphone<br \/>\nProtective Case for Front Panel<br \/>\nMenu LanguagesEnglish \/ German \/ French \/ Turkish \/ Russian<br \/>\nKaraoke<\/p>\n<p>Apple Compatibility<br \/>\nMade for iPhone<\/p>\n<p>Supported Functions\u2022 Battery charging<br \/>\n\u2022 Music playback<br \/>\n\u2022 Siri Eyes Free<br \/>\nAndroid Compatibility<br \/>\nCompatible with Android<br \/>\nQuick Charge for Android<br \/>\nAOA 2.0<br \/>\nConnections<br \/>\nUSB Input1<br \/>\nAux-In<br \/>\nHard Wired Remote Ready<br \/>\nAudio<br \/>\n13-band Graphical EQ<br \/>\nFLAC<br \/>\nMOSFET 50 W x 4 Amplifier<br \/>\nListening Position Selector<br \/>\nManual TA (Time Alignment)<br \/>\nHigh Pass Filter<br \/>\nLow Pass Filter<br \/>\nDirect Sub Drive<br \/>\nSubwoofer Control<br \/>\nRCA Pre-Outs2. (Front, rear or subwoofer)<br \/>\nAdvanced Sound Retriever<br \/>\nBluetooth<br \/>\nVoice Recognition<br \/>\nHands Free Calling (Hands Free Profile)<br \/>\nMusic Streaming<br \/>\nAdditional Bluetooth Features\u2022 2 Phones Full Time<\/p>\n<p>Connection:<br \/>\n\u2022 Automatic phone book transfer<br \/>\n\u2022 Wide Band Speech<br \/>\n\u2022 Wireless Audio browsing<br \/>\n\u2022 Microphone Included<br \/>\nTuner Features<br \/>\nRadio Data System (RDS)<br \/>\nPTY Search<br \/>\nBest Stations Memory (BSM)<br \/>\nTraffic Announcement<br \/>\nAuto Alternative Frequency Search<br \/>\nAuto\/Manual Frequency Search<br \/>\nScreen Features<br \/>\nDisplays Cyrillic Characters<br \/>\nIllumination Effects<br \/>\nIllumination Timer<br \/>\nBrightness Control10 steps<br \/>\nDisplay IlluminationWide angle VA LCD Display (1 line)<\/p>\n<p>Sis\u00e4\u00e4nrakennetun DSP:n ominaisuudet:<\/p>\n<p>-13-kaistainen graafinen taajuuskorjain .<\/p>\n<p>Taajuuskorjaimen keskitaajuudet: 50\/80\/125\/200\/315\/500\/800\/1250\/2000\/3150\/5000\/8000\/12500 Hz<br \/>\ntaajuuskorjaimen s\u00e4\u00e4t\u00f6alue +- 12 dB<br \/>\nAikaviives\u00e4\u00e4d\u00f6t:<\/p>\n<p>aikaviives\u00e4\u00e4d\u00f6t 0-350 cm joka kanavalle<br \/>\n2.5 cm portain<br \/>\nJakosuotimet:<\/p>\n<p>Etukanavat ylip\u00e4\u00e4st\u00f6: 25, 31.5, 40, 50, 63, 80, 100, 125, 160, 200 ja 250 Hz<br \/>\nTakakanavat ylip\u00e4\u00e4st\u00f6: 25, 31.5, 40, 50, 63, 80, 100, 125, 160, 200 ja 250<br \/>\nSubwoofer kanavat alip\u00e4\u00e4st\u00f6: 25, 31.5, 40, 50, 63, 80, 100, 125, 160, 200 ja 250<br \/>\njakojyrkkyys p\u00e4\u00e4kanavat: 0\/6\/12\/18\/24 dB\/oct<br \/>\njakojyrkkyys SUB-kanavat: 0\/6\/12\/18\/24\/30\/36 dB\/oct<br \/>\ntasons\u00e4\u00e4t\u00f6: -24 \u2013 +10 dB ( 1dB portain ).<\/p>\n","protected":false},"featured_media":19065,"comment_status":"closed","ping_status":"closed","template":"","meta":[],"etheme_brands":[{"term_id":288,"name":"PIONEER","slug":"pioneer","term_group":0,"term_taxonomy_id":288,"taxonomy":"brand","description":"","parent":0,"count":46,"filter":"raw"}],"product_cat":[224],"product_tag":[448],"_links":{"self":[{"href":"https:\/\/roadtunes.lv\/index.php?rest_route=\/wp\/v2\/product\/29005"}],"collection":[{"href":"https:\/\/roadtunes.lv\/index.php?rest_route=\/wp\/v2\/product"}],"about":[{"href":"https:\/\/roadtunes.lv\/index.php?rest_route=\/wp\/v2\/types\/product"}],"replies":[{"embeddable":true,"href":"https:\/\/roadtunes.lv\/index.php?rest_route=%2Fwp%2Fv2%2Fcomments&post=29005"}],"version-history":[{"count":2,"href":"https:\/\/roadtunes.lv\/index.php?rest_route=\/wp\/v2\/product\/29005\/revisions"}],"predecessor-version":[{"id":29625,"href":"https:\/\/roadtunes.lv\/index.php?rest_route=\/wp\/v2\/product\/29005\/revisions\/29625"}],"wp:featuredmedia":[{"embeddable":true,"href":"https:\/\/roadtunes.lv\/index.php?rest_route=\/wp\/v2\/media\/19065"}],"wp:attachment":[{"href":"https:\/\/roadtunes.lv\/index.php?rest_route=%2Fwp%2Fv2%2Fmedia&parent=29005"}],"wp:term":[{"taxonomy":"brand","embeddable":true,"href":"https:\/\/roadtunes.lv\/index.php?rest_route=%2Fwp%2Fv2%2Fetheme_brands&post=29005"},{"taxonomy":"product_cat","embeddable":true,"href":"https:\/\/roadtunes.lv\/index.php?rest_route=%2Fwp%2Fv2%2Fproduct_cat&post=29005"},{"taxonomy":"product_tag","embeddable":true,"href":"https:\/\/roadtunes.lv\/index.php?rest_route=%2Fwp%2Fv2%2Fproduct_tag&post=29005"}],"curies":[{"name":"wp","href":"https:\/\/api.w.org\/{rel}","templated":true}]}}